{"id":8627,"date":"2023-12-30T15:55:52","date_gmt":"2023-12-30T14:55:52","guid":{"rendered":"https:\/\/www.neverwheelup.com\/?post_type=product&#038;p=8627"},"modified":"2026-05-12T08:37:28","modified_gmt":"2026-05-12T06:37:28","slug":"leaperkim-veteran-spatton-70lbs","status":"publish","type":"product","link":"https:\/\/www.neverwheelup.com\/fr\/product\/leaperkim-veteran-spatton-70lbs\/","title":{"rendered":"Leaperkim Veteran Patton S 70LBS"},"content":{"rendered":"<div class=\"wpb-content-wrapper\"><p>[vc_row disable_background_image=\u00a0\u00bb\u00a0\u00bb][vc_column][vc_column_text]Monocycle \u00e9lectrique Leaperkim Veteran Patton : Moteur HT 3000W &#8211; 126V 2220Wh &#8211; Suspension hydraulique r\u00e9glable \u00e0 double piston &#8211; d\u00e9battement 80mm &#8211; Ch\u00e2ssis robuste[\/vc_column_text][\/vc_column][\/vc_row]<\/p>\n<\/div>","protected":false},"excerpt":{"rendered":"<h4>Description du produit<\/h4>\n<ul>\n<li>Puissance du moteur : <strong>3000W<\/strong> \u00e0 couple \u00e9lev\u00e9 avec roue de <strong>16&#215;3<\/strong> pouces<\/li>\n<li>Couvercle lat\u00e9ral de jante en alliage de magn\u00e9sium plus large\/\u00e9pais<\/li>\n<li>Vitesse \u00e0 vide (mode vitesse activ\u00e9) : <strong>105km\/h<\/strong><\/li>\n<li>Port\u00e9e jusqu&rsquo;\u00e0 <strong>110 km<\/strong><\/li>\n<li>Batterie <strong>126V<\/strong> <strong>2200Wh<\/strong> (cellules Samsung 50E) (double port de charge de 15 amp\u00e8res)<\/li>\n<li>Carte m\u00e8re innovante avec 24 unit\u00e9s de Mosfet haute performance avec conduction et dissipation thermique am\u00e9lior\u00e9es.<strong>(680A cr\u00eate<\/strong>)<\/li>\n<li>Syst\u00e8me de<strong> suspension hydraulique<\/strong> r\u00e9glable \u00e0<strong> double piston<\/strong> 12\/18 clics Compression\/Rebound, jusqu&rsquo;\u00e0<strong> 80mm<\/strong> d&rsquo;absorption des chocs.<\/li>\n<li>Construction robuste gr\u00e2ce \u00e0 un corps en alliage d&rsquo;aluminium 7071 avec des bo\u00eetiers de batterie anti-collision et des p\u00e9dales en alliage de magn\u00e9sium.<\/li>\n<li>Poids :<strong> 39 kg<\/strong><\/li>\n<\/ul>\n<h4>Caract\u00e9ristiques techniques<\/h4>\n[wptb id=\"3290\"]\n<h4>Vid\u00e9o<\/h4>\n<p><iframe loading=\"lazy\" title=\"Lecteur vid\u00e9o YouTube\" src=\"https:\/\/www.youtube.com\/embed\/rC-dpbAFnXY\" width=\"560\" height=\"315\" frameborder=\"0\" allowfullscreen=\"allowfullscreen\"><\/iframe><\/p>\n<h4><\/h4>\n","protected":false},"featured_media":4958,"template":"","meta":[],"product_brand":[],"product_cat":[508,241],"product_tag":[243,259,245,244],"class_list":{"0":"post-8627","1":"product","2":"type-product","3":"status-publish","4":"has-post-thumbnail","6":"product_cat-livraison-en-2-5-jours","7":"product_cat-monoroue-fr","8":"product_tag-euc-fr","9":"product_tag-leaperkim-fr","10":"product_tag-monocycle-electrique","11":"product_tag-monoroue","13":"first","14":"instock","15":"purchasable","16":"product-type-simple"},"yoast_head":"<!-- This site is optimized with the Yoast SEO plugin v27.5 - https:\/\/yoast.com\/product\/yoast-seo-wordpress\/ -->\n<title>Leaperkim Veteran Patton S 70LBS Monocycle \u00e9lectrique<\/title>\n<meta name=\"description\" content=\"Monocycle \u00e9lectrique Leaperkim Veteran Patton : Moteur HT 3000W - 126V 2220Wh - Suspension hydraulique r\u00e9glable \u00e0 double piston - d\u00e9battement 80mm - Ch\u00e2ssis robuste\" \/>\n<meta name=\"robots\" content=\"index, follow, max-snippet:-1, max-image-preview:large, max-video-preview:-1\" \/>\n<link rel=\"canonical\" href=\"https:\/\/www.neverwheelup.com\/fr\/product\/leaperkim-veteran-spatton-70lbs\/\" \/>\n<meta property=\"og:locale\" content=\"fr_FR\" \/>\n<meta property=\"og:type\" content=\"article\" \/>\n<meta property=\"og:title\" content=\"Leaperkim Veteran Patton S 70LBS Monocycle \u00e9lectrique\" \/>\n<meta property=\"og:description\" content=\"Monocycle \u00e9lectrique Leaperkim Veteran Patton : Moteur HT 3000W - 126V 2220Wh - Suspension hydraulique r\u00e9glable \u00e0 double piston - d\u00e9battement 80mm - Ch\u00e2ssis robuste\" \/>\n<meta property=\"og:url\" content=\"https:\/\/www.neverwheelup.com\/fr\/product\/leaperkim-veteran-spatton-70lbs\/\" \/>\n<meta property=\"og:site_name\" content=\"Never Wheel Up\" \/>\n<meta property=\"article:modified_time\" content=\"2026-05-12T06:37:28+00:00\" \/>\n<meta property=\"og:image\" content=\"https:\/\/www.neverwheelup.com\/wp-content\/uploads\/2019\/09\/veteran-patton.jpg\" \/>\n\t<meta property=\"og:image:width\" content=\"1000\" \/>\n\t<meta property=\"og:image:height\" content=\"1000\" \/>\n\t<meta property=\"og:image:type\" content=\"image\/jpeg\" \/>\n<meta name=\"twitter:card\" content=\"summary_large_image\" \/>\n<meta name=\"twitter:label1\" content=\"Dur\u00e9e de lecture estim\u00e9e\" \/>\n\t<meta name=\"twitter:data1\" content=\"1 minute\" \/>\n<script type=\"application\/ld+json\" class=\"yoast-schema-graph\">{\"@context\":\"https:\\\/\\\/schema.org\",\"@graph\":[{\"@type\":\"WebPage\",\"@id\":\"https:\\\/\\\/www.neverwheelup.com\\\/fr\\\/product\\\/leaperkim-veteran-spatton-70lbs\\\/\",\"url\":\"https:\\\/\\\/www.neverwheelup.com\\\/fr\\\/product\\\/leaperkim-veteran-spatton-70lbs\\\/\",\"name\":\"Leaperkim Veteran Patton S 70LBS Monocycle \u00e9lectrique\",\"isPartOf\":{\"@id\":\"https:\\\/\\\/www.neverwheelup.com\\\/fr\\\/#website\"},\"primaryImageOfPage\":{\"@id\":\"https:\\\/\\\/www.neverwheelup.com\\\/fr\\\/product\\\/leaperkim-veteran-spatton-70lbs\\\/#primaryimage\"},\"image\":{\"@id\":\"https:\\\/\\\/www.neverwheelup.com\\\/fr\\\/product\\\/leaperkim-veteran-spatton-70lbs\\\/#primaryimage\"},\"thumbnailUrl\":\"https:\\\/\\\/i0.wp.com\\\/www.neverwheelup.com\\\/wp-content\\\/uploads\\\/2019\\\/09\\\/veteran-patton.jpg?fit=1000%2C1000&ssl=1\",\"datePublished\":\"2023-12-30T14:55:52+00:00\",\"dateModified\":\"2026-05-12T06:37:28+00:00\",\"description\":\"Monocycle \u00e9lectrique Leaperkim Veteran Patton : Moteur HT 3000W - 126V 2220Wh - Suspension hydraulique r\u00e9glable \u00e0 double piston - d\u00e9battement 80mm - Ch\u00e2ssis robuste\",\"breadcrumb\":{\"@id\":\"https:\\\/\\\/www.neverwheelup.com\\\/fr\\\/product\\\/leaperkim-veteran-spatton-70lbs\\\/#breadcrumb\"},\"inLanguage\":\"fr-FR\",\"potentialAction\":[{\"@type\":\"ReadAction\",\"target\":[\"https:\\\/\\\/www.neverwheelup.com\\\/fr\\\/product\\\/leaperkim-veteran-spatton-70lbs\\\/\"]}]},{\"@type\":\"ImageObject\",\"inLanguage\":\"fr-FR\",\"@id\":\"https:\\\/\\\/www.neverwheelup.com\\\/fr\\\/product\\\/leaperkim-veteran-spatton-70lbs\\\/#primaryimage\",\"url\":\"https:\\\/\\\/i0.wp.com\\\/www.neverwheelup.com\\\/wp-content\\\/uploads\\\/2019\\\/09\\\/veteran-patton.jpg?fit=1000%2C1000&ssl=1\",\"contentUrl\":\"https:\\\/\\\/i0.wp.com\\\/www.neverwheelup.com\\\/wp-content\\\/uploads\\\/2019\\\/09\\\/veteran-patton.jpg?fit=1000%2C1000&ssl=1\",\"width\":1000,\"height\":1000},{\"@type\":\"BreadcrumbList\",\"@id\":\"https:\\\/\\\/www.neverwheelup.com\\\/fr\\\/product\\\/leaperkim-veteran-spatton-70lbs\\\/#breadcrumb\",\"itemListElement\":[{\"@type\":\"ListItem\",\"position\":1,\"name\":\"Home\",\"item\":\"https:\\\/\\\/www.neverwheelup.com\\\/fr\\\/\"},{\"@type\":\"ListItem\",\"position\":2,\"name\":\"Boutique\",\"item\":\"https:\\\/\\\/www.neverwheelup.com\\\/fr\\\/boutique\\\/\"},{\"@type\":\"ListItem\",\"position\":3,\"name\":\"Leaperkim Veteran Patton S 70LBS\"}]},{\"@type\":\"WebSite\",\"@id\":\"https:\\\/\\\/www.neverwheelup.com\\\/fr\\\/#website\",\"url\":\"https:\\\/\\\/www.neverwheelup.com\\\/fr\\\/\",\"name\":\"Never Wheel Up - E Scooters and Electric Unicycle\",\"description\":\"Online direct sale of: electric unicycles, electric scooters and electric bicycles at best price. Free shipping!\",\"publisher\":{\"@id\":\"https:\\\/\\\/www.neverwheelup.com\\\/fr\\\/#organization\"},\"alternateName\":\"Best Electric Unicycles E-scooters\",\"potentialAction\":[{\"@type\":\"SearchAction\",\"target\":{\"@type\":\"EntryPoint\",\"urlTemplate\":\"https:\\\/\\\/www.neverwheelup.com\\\/fr\\\/?s={search_term_string}\"},\"query-input\":{\"@type\":\"PropertyValueSpecification\",\"valueRequired\":true,\"valueName\":\"search_term_string\"}}],\"inLanguage\":\"fr-FR\"},{\"@type\":\"Organization\",\"@id\":\"https:\\\/\\\/www.neverwheelup.com\\\/fr\\\/#organization\",\"name\":\"Never Wheel Up - E Scooters and Electric Unicycle\",\"url\":\"https:\\\/\\\/www.neverwheelup.com\\\/fr\\\/\",\"logo\":{\"@type\":\"ImageObject\",\"inLanguage\":\"fr-FR\",\"@id\":\"https:\\\/\\\/www.neverwheelup.com\\\/fr\\\/#\\\/schema\\\/logo\\\/image\\\/\",\"url\":\"https:\\\/\\\/www.neverwheelup.com\\\/wp-content\\\/uploads\\\/2023\\\/04\\\/logo-sticky.png\",\"contentUrl\":\"https:\\\/\\\/www.neverwheelup.com\\\/wp-content\\\/uploads\\\/2023\\\/04\\\/logo-sticky.png\",\"width\":423,\"height\":358,\"caption\":\"Never Wheel Up - E Scooters and Electric Unicycle\"},\"image\":{\"@id\":\"https:\\\/\\\/www.neverwheelup.com\\\/fr\\\/#\\\/schema\\\/logo\\\/image\\\/\"}}]}<\/script>\n<!-- \/ Yoast SEO plugin. -->","yoast_head_json":{"title":"Leaperkim Veteran Patton S 70LBS Monocycle \u00e9lectrique","description":"Monocycle \u00e9lectrique Leaperkim Veteran Patton : Moteur HT 3000W - 126V 2220Wh - Suspension hydraulique r\u00e9glable \u00e0 double piston - d\u00e9battement 80mm - Ch\u00e2ssis robuste","robots":{"index":"index","follow":"follow","max-snippet":"max-snippet:-1","max-image-preview":"max-image-preview:large","max-video-preview":"max-video-preview:-1"},"canonical":"https:\/\/www.neverwheelup.com\/fr\/product\/leaperkim-veteran-spatton-70lbs\/","og_locale":"fr_FR","og_type":"article","og_title":"Leaperkim Veteran Patton S 70LBS Monocycle \u00e9lectrique","og_description":"Monocycle \u00e9lectrique Leaperkim Veteran Patton : Moteur HT 3000W - 126V 2220Wh - Suspension hydraulique r\u00e9glable \u00e0 double piston - d\u00e9battement 80mm - Ch\u00e2ssis robuste","og_url":"https:\/\/www.neverwheelup.com\/fr\/product\/leaperkim-veteran-spatton-70lbs\/","og_site_name":"Never Wheel Up","article_modified_time":"2026-05-12T06:37:28+00:00","og_image":[{"width":1000,"height":1000,"url":"https:\/\/www.neverwheelup.com\/wp-content\/uploads\/2019\/09\/veteran-patton.jpg","type":"image\/jpeg"}],"twitter_card":"summary_large_image","twitter_misc":{"Dur\u00e9e de lecture estim\u00e9e":"1 minute"},"schema":{"@context":"https:\/\/schema.org","@graph":[{"@type":"WebPage","@id":"https:\/\/www.neverwheelup.com\/fr\/product\/leaperkim-veteran-spatton-70lbs\/","url":"https:\/\/www.neverwheelup.com\/fr\/product\/leaperkim-veteran-spatton-70lbs\/","name":"Leaperkim Veteran Patton S 70LBS Monocycle \u00e9lectrique","isPartOf":{"@id":"https:\/\/www.neverwheelup.com\/fr\/#website"},"primaryImageOfPage":{"@id":"https:\/\/www.neverwheelup.com\/fr\/product\/leaperkim-veteran-spatton-70lbs\/#primaryimage"},"image":{"@id":"https:\/\/www.neverwheelup.com\/fr\/product\/leaperkim-veteran-spatton-70lbs\/#primaryimage"},"thumbnailUrl":"https:\/\/i0.wp.com\/www.neverwheelup.com\/wp-content\/uploads\/2019\/09\/veteran-patton.jpg?fit=1000%2C1000&ssl=1","datePublished":"2023-12-30T14:55:52+00:00","dateModified":"2026-05-12T06:37:28+00:00","description":"Monocycle \u00e9lectrique Leaperkim Veteran Patton : Moteur HT 3000W - 126V 2220Wh - Suspension hydraulique r\u00e9glable \u00e0 double piston - d\u00e9battement 80mm - Ch\u00e2ssis robuste","breadcrumb":{"@id":"https:\/\/www.neverwheelup.com\/fr\/product\/leaperkim-veteran-spatton-70lbs\/#breadcrumb"},"inLanguage":"fr-FR","potentialAction":[{"@type":"ReadAction","target":["https:\/\/www.neverwheelup.com\/fr\/product\/leaperkim-veteran-spatton-70lbs\/"]}]},{"@type":"ImageObject","inLanguage":"fr-FR","@id":"https:\/\/www.neverwheelup.com\/fr\/product\/leaperkim-veteran-spatton-70lbs\/#primaryimage","url":"https:\/\/i0.wp.com\/www.neverwheelup.com\/wp-content\/uploads\/2019\/09\/veteran-patton.jpg?fit=1000%2C1000&ssl=1","contentUrl":"https:\/\/i0.wp.com\/www.neverwheelup.com\/wp-content\/uploads\/2019\/09\/veteran-patton.jpg?fit=1000%2C1000&ssl=1","width":1000,"height":1000},{"@type":"BreadcrumbList","@id":"https:\/\/www.neverwheelup.com\/fr\/product\/leaperkim-veteran-spatton-70lbs\/#breadcrumb","itemListElement":[{"@type":"ListItem","position":1,"name":"Home","item":"https:\/\/www.neverwheelup.com\/fr\/"},{"@type":"ListItem","position":2,"name":"Boutique","item":"https:\/\/www.neverwheelup.com\/fr\/boutique\/"},{"@type":"ListItem","position":3,"name":"Leaperkim Veteran Patton S 70LBS"}]},{"@type":"WebSite","@id":"https:\/\/www.neverwheelup.com\/fr\/#website","url":"https:\/\/www.neverwheelup.com\/fr\/","name":"Never Wheel Up - E Scooters and Electric Unicycle","description":"Online direct sale of: electric unicycles, electric scooters and electric bicycles at best price. Free shipping!","publisher":{"@id":"https:\/\/www.neverwheelup.com\/fr\/#organization"},"alternateName":"Best Electric Unicycles E-scooters","potentialAction":[{"@type":"SearchAction","target":{"@type":"EntryPoint","urlTemplate":"https:\/\/www.neverwheelup.com\/fr\/?s={search_term_string}"},"query-input":{"@type":"PropertyValueSpecification","valueRequired":true,"valueName":"search_term_string"}}],"inLanguage":"fr-FR"},{"@type":"Organization","@id":"https:\/\/www.neverwheelup.com\/fr\/#organization","name":"Never Wheel Up - E Scooters and Electric Unicycle","url":"https:\/\/www.neverwheelup.com\/fr\/","logo":{"@type":"ImageObject","inLanguage":"fr-FR","@id":"https:\/\/www.neverwheelup.com\/fr\/#\/schema\/logo\/image\/","url":"https:\/\/www.neverwheelup.com\/wp-content\/uploads\/2023\/04\/logo-sticky.png","contentUrl":"https:\/\/www.neverwheelup.com\/wp-content\/uploads\/2023\/04\/logo-sticky.png","width":423,"height":358,"caption":"Never Wheel Up - E Scooters and Electric Unicycle"},"image":{"@id":"https:\/\/www.neverwheelup.com\/fr\/#\/schema\/logo\/image\/"}}]}},"jetpack-related-posts":[{"id":6295,"url":"https:\/\/www.neverwheelup.com\/fr\/product\/leaperkim-veteran-patton\/","url_meta":{"origin":8627,"position":0},"title":"Leaperkim Veteran Patton","author":"AdminCW","date":"23 septembre 2019","format":false,"excerpt":"Livraison en 45-55 jours ouvr\u00e9s ! (58-62LBS) Notations [vc_row disable_background_image=\"\"][vc_column][vc_progress_bar values=\"%5B%7B%22label%22%3A%22%3Cb%3ETOP%20SPEED%3C%2Fb%3E%20-%2080km%2Fh%22%2C%22value%22%3A%2280%22%2C%22color%22%3A%22bar_red%22%7D%2C%7B%22label%22%3A%22%3Cb%3EPOWER%3C%2Fb%3E-%20%203000W%22%2C%22value%22%3A%2265%22%2C%22color%22%3A%22bar_red%22%7D%2C%7B%22label%22%3A%22%3Cb%3EWEIGHT%3C%2Fb%3E-%2039%20kg%20%22%2C%22value%22%3A%2275%22%2C%22color%22%3A%22bar_red%22%7D%2C%7B%22label%22%3A%22%3Cb%3EBATTERY%3C%2Fb%3E-%20126V%202220Wh%22%2C%22value%22%3A%2250%22%2C%22color%22%3A%22bar_red%22%7D%2C%7B%22label%22%3A%22%3Cb%3EWATER%20RATING%3C%2Fb%3E-%20Good%22%2C%22value%22%3A%2275%22%2C%22color%22%3A%22bar_red%22%7D%2C%7B%22label%22%3A%22%3Cb%3ESUSPENSION%3C%2Fb%3E-%20%20Hydraulic%20dual-piston%20Suspension%22%2C%22value%22%3A%2280%22%2C%22color%22%3A%22bar_red%22%7D%5D\"][\/vc_column][\/vc_row] Description du produit Puissance du moteur : 3000W \u00e0 couple \u00e9lev\u00e9 avec roue de 16x3 pouces Couvercle lat\u00e9ral de jante en alliage de magn\u00e9sium plus large\/\u00e9pais Vitesse \u00e0 vide (mode vitesse activ\u00e9) : 105km\/h Port\u00e9e jusqu'\u00e0 110 km Batterie\u2026","rel":"","context":"Article similaire","block_context":{"text":"Article similaire","link":""},"img":{"alt_text":"","src":"https:\/\/i0.wp.com\/www.neverwheelup.com\/wp-content\/uploads\/2019\/09\/veteran-patton.jpg?fit=1000%2C1000&ssl=1&resize=350%2C200","width":350,"height":200,"srcset":"https:\/\/i0.wp.com\/www.neverwheelup.com\/wp-content\/uploads\/2019\/09\/veteran-patton.jpg?fit=1000%2C1000&ssl=1&resize=350%2C200 1x, https:\/\/i0.wp.com\/www.neverwheelup.com\/wp-content\/uploads\/2019\/09\/veteran-patton.jpg?fit=1000%2C1000&ssl=1&resize=525%2C300 1.5x, https:\/\/i0.wp.com\/www.neverwheelup.com\/wp-content\/uploads\/2019\/09\/veteran-patton.jpg?fit=1000%2C1000&ssl=1&resize=700%2C400 2x"},"classes":[]},{"id":6383,"url":"https:\/\/www.neverwheelup.com\/fr\/product\/leaperkim-veteran-sherman-s-66lbs\/","url_meta":{"origin":8627,"position":1},"title":"Leaperkim Veteran Sherman S","author":"AdminCW","date":"5 ao\u00fbt 2023","format":false,"excerpt":"Livraison dans les 2 \u00e0 5 jours ouvrables ! (uniquement pour les pays de l'Union europ\u00e9enne) (66LBS - 62LBS SEULEMENT) Notations [vc_row disable_background_image=\"\"][vc_column][vc_progress_bar values=\"%5B%7B%22label%22%3A%22%3Cb%3ETOP%20SPEED%3C%2Fb%3E%20-%2085%20km%2Fh%22%2C%22value%22%3A%2285%22%2C%22color%22%3A%22bar_red%22%7D%2C%7B%22label%22%3A%22%3Cb%3EPOWER%3C%2Fb%3E-%20%203000W%22%2C%22value%22%3A%2275%22%2C%22color%22%3A%22bar_red%22%7D%2C%7B%22label%22%3A%22%3Cb%3EWEIGHT%3C%2Fb%3E-%20%2044%20kg%22%2C%22value%22%3A%2290%22%2C%22color%22%3A%22bar_red%22%7D%2C%7B%22label%22%3A%22%3Cb%3EBATTERY%3C%2Fb%3E-%20%20100V%203600Wh%22%2C%22value%22%3A%2275%22%2C%22color%22%3A%22bar_red%22%7D%2C%7B%22label%22%3A%22%3Cb%3EWATER%20RATING%3C%2Fb%3E-%20%20Good%22%2C%22value%22%3A%2275%22%2C%22color%22%3A%22bar_red%22%7D%2C%7B%22label%22%3A%22%3Cb%3ESUSPENSION%3C%2Fb%3E-%20%20Adjustable%20hydraulic%20dual-piston%20(super%20comfortable)%22%2C%22value%22%3A%2290%22%2C%22color%22%3A%22bar_red%22%7D%5D\"][\/vc_column][\/vc_row] Description du produit La roue inspir\u00e9e de BATTLE TANK par Leaperkim Puissance du moteur : 3000W \u00e0 couple \u00e9lev\u00e9 avec roue de 20x3 pouces Couvercle lat\u00e9ral\u2026","rel":"","context":"Article similaire","block_context":{"text":"Article similaire","link":""},"img":{"alt_text":"leaperkim sherman s euc","src":"https:\/\/i0.wp.com\/www.neverwheelup.com\/wp-content\/uploads\/2023\/08\/copertinashermans.jpeg?fit=1200%2C1200&ssl=1&resize=350%2C200","width":350,"height":200,"srcset":"https:\/\/i0.wp.com\/www.neverwheelup.com\/wp-content\/uploads\/2023\/08\/copertinashermans.jpeg?fit=1200%2C1200&ssl=1&resize=350%2C200 1x, https:\/\/i0.wp.com\/www.neverwheelup.com\/wp-content\/uploads\/2023\/08\/copertinashermans.jpeg?fit=1200%2C1200&ssl=1&resize=525%2C300 1.5x, https:\/\/i0.wp.com\/www.neverwheelup.com\/wp-content\/uploads\/2023\/08\/copertinashermans.jpeg?fit=1200%2C1200&ssl=1&resize=700%2C400 2x, https:\/\/i0.wp.com\/www.neverwheelup.com\/wp-content\/uploads\/2023\/08\/copertinashermans.jpeg?fit=1200%2C1200&ssl=1&resize=1050%2C600 3x"},"classes":[]},{"id":8618,"url":"https:\/\/www.neverwheelup.com\/product\/leaperkim-veteran-s-patton-70lbs\/","url_meta":{"origin":8627,"position":2},"title":"Leaperkim Veteran Patton S 70LBS","author":"AdminCW","date":"30 d\u00e9cembre 2023","format":false,"excerpt":"Product description Motor power: 3000W high torque\u00a0 with 16x3 inch wheel Wider\/Thicker magnesium alloy rim side cover No-loading speed (Speed mode activate): 105km\/h Range up to 110km 126V battery 2200Wh (Samsung cells 50E) (Dual 15 amp charge port) \u00a0Innovative Motherboard with 24 units high performance Mosfet with improved conduction &\u2026","rel":"","context":"Article similaire","block_context":{"text":"Article similaire","link":""},"img":{"alt_text":"","src":"https:\/\/i0.wp.com\/www.neverwheelup.com\/wp-content\/uploads\/2019\/09\/veteran-patton.jpg?fit=1000%2C1000&ssl=1&resize=350%2C200","width":350,"height":200,"srcset":"https:\/\/i0.wp.com\/www.neverwheelup.com\/wp-content\/uploads\/2019\/09\/veteran-patton.jpg?fit=1000%2C1000&ssl=1&resize=350%2C200 1x, https:\/\/i0.wp.com\/www.neverwheelup.com\/wp-content\/uploads\/2019\/09\/veteran-patton.jpg?fit=1000%2C1000&ssl=1&resize=525%2C300 1.5x, https:\/\/i0.wp.com\/www.neverwheelup.com\/wp-content\/uploads\/2019\/09\/veteran-patton.jpg?fit=1000%2C1000&ssl=1&resize=700%2C400 2x"},"classes":[]},{"id":8610,"url":"https:\/\/www.neverwheelup.com\/it\/product\/leaperkim-veteran-s-patton-70lbs\/","url_meta":{"origin":8627,"position":3},"title":"Leaperkim Veteran Patton S 70LBS","author":"AdminCW","date":"30 d\u00e9cembre 2023","format":false,"excerpt":"Descrizione del prodotto Potenza del motore: 3000W ad alta coppia con ruota da 16x3 pollici Copertura laterale del cerchio in lega di magnesio pi\u00f9 larga\/pi\u00f9 spessa Velocit\u00e0 a vuoto (modalit\u00e0 velocit\u00e0 attivata): 105 km\/h Autonomia fino a 110 km Batteria 126V 2200Wh (celle Samsung 50E) (doppia porta di carica da\u2026","rel":"","context":"Article similaire","block_context":{"text":"Article similaire","link":""},"img":{"alt_text":"","src":"https:\/\/i0.wp.com\/www.neverwheelup.com\/wp-content\/uploads\/2019\/09\/veteran-patton.jpg?fit=1000%2C1000&ssl=1&resize=350%2C200","width":350,"height":200,"srcset":"https:\/\/i0.wp.com\/www.neverwheelup.com\/wp-content\/uploads\/2019\/09\/veteran-patton.jpg?fit=1000%2C1000&ssl=1&resize=350%2C200 1x, https:\/\/i0.wp.com\/www.neverwheelup.com\/wp-content\/uploads\/2019\/09\/veteran-patton.jpg?fit=1000%2C1000&ssl=1&resize=525%2C300 1.5x, https:\/\/i0.wp.com\/www.neverwheelup.com\/wp-content\/uploads\/2019\/09\/veteran-patton.jpg?fit=1000%2C1000&ssl=1&resize=700%2C400 2x"},"classes":[]},{"id":7892,"url":"https:\/\/www.neverwheelup.com\/fr\/product\/leaperkim-veteran-lynx\/","url_meta":{"origin":8627,"position":4},"title":"Leaperkim Veteran Lynx","author":"AdminCW","date":"7 novembre 2023","format":false,"excerpt":"Livraison en 45-55 jours ouvr\u00e9s ! PREMIER EUC 151,2V ! Notations [vc_row disable_background_image=\"\"][vc_column][vc_progress_bar values=\"%5B%7B%22label%22%3A%22%3Cb%3ETOP%20SPEED%3C%2Fb%3E%20-%2090%20km%2Fh%22%2C%22value%22%3A%2285%22%2C%22color%22%3A%22bar_red%22%7D%2C%7B%22label%22%3A%22%3Cb%3EPOWER%3C%2Fb%3E-%20%203200W%22%2C%22value%22%3A%2285%22%2C%22color%22%3A%22bar_red%22%7D%2C%7B%22label%22%3A%22%3Cb%3EWEIGHT%3C%2Fb%3E-%20%2040kg%22%2C%22value%22%3A%2280%22%2C%22color%22%3A%22bar_red%22%7D%2C%7B%22label%22%3A%22%3Cb%3EBATTERY%3C%2Fb%3E-%20%20151.2V%202700Wh%22%2C%22value%22%3A%2280%22%2C%22color%22%3A%22bar_red%22%7D%2C%7B%22label%22%3A%22%3Cb%3EWATER%20RATING%3C%2Fb%3E-%20%20Good%22%2C%22value%22%3A%2275%22%2C%22color%22%3A%22bar_red%22%7D%2C%7B%22label%22%3A%22%3Cb%3ESUSPENSION%3C%2Fb%3E-%20%20Adjustable%20hydraulic%20dual-piston%20(super%20comfortable)%22%2C%22value%22%3A%2290%22%2C%22color%22%3A%22bar_red%22%7D%5D\"][\/vc_column][\/vc_row] Description du produit La roue RACING TRAIL de Leaperkim - INSANE TORQUE Puissance du moteur : 3200W \u00e0 couple \u00e9lev\u00e9 avec roue de 20 pouces Couvercle lat\u00e9ral de jante en alliage de magn\u00e9sium plus large\/\u00e9pais Vitesse\u2026","rel":"","context":"Article similaire","block_context":{"text":"Article similaire","link":""},"img":{"alt_text":"Leaperkim Veteran Lynx euc","src":"https:\/\/i0.wp.com\/www.neverwheelup.com\/wp-content\/uploads\/2023\/11\/cop-1.jpg?fit=1200%2C1200&ssl=1&resize=350%2C200","width":350,"height":200,"srcset":"https:\/\/i0.wp.com\/www.neverwheelup.com\/wp-content\/uploads\/2023\/11\/cop-1.jpg?fit=1200%2C1200&ssl=1&resize=350%2C200 1x, https:\/\/i0.wp.com\/www.neverwheelup.com\/wp-content\/uploads\/2023\/11\/cop-1.jpg?fit=1200%2C1200&ssl=1&resize=525%2C300 1.5x, https:\/\/i0.wp.com\/www.neverwheelup.com\/wp-content\/uploads\/2023\/11\/cop-1.jpg?fit=1200%2C1200&ssl=1&resize=700%2C400 2x, https:\/\/i0.wp.com\/www.neverwheelup.com\/wp-content\/uploads\/2023\/11\/cop-1.jpg?fit=1200%2C1200&ssl=1&resize=1050%2C600 3x"},"classes":[]},{"id":10215,"url":"https:\/\/www.neverwheelup.com\/fr\/product\/leaperkim-veteran-lynx-62lbs-samsung-50e\/","url_meta":{"origin":8627,"position":5},"title":"Leaperkim Veteran Lynx 62LBS &#8211; Samsung 50E","author":"AdminCW","date":"29 avril 2024","format":false,"excerpt":"Notations [vc_row disable_background_image=\"\"][vc_column][vc_progress_bar values=\"%5B%7B%22label%22%3A%22%3Cb%3ETOP%20SPEED%3C%2Fb%3E%20-%2090%20km%2Fh%22%2C%22value%22%3A%2285%22%2C%22color%22%3A%22bar_red%22%7D%2C%7B%22label%22%3A%22%3Cb%3EPOWER%3C%2Fb%3E-%20%203200W%22%2C%22value%22%3A%2285%22%2C%22color%22%3A%22bar_red%22%7D%2C%7B%22label%22%3A%22%3Cb%3EWEIGHT%3C%2Fb%3E-%20%2040kg%22%2C%22value%22%3A%2280%22%2C%22color%22%3A%22bar_red%22%7D%2C%7B%22label%22%3A%22%3Cb%3EBATTERY%3C%2Fb%3E-%20%20151.2V%202700Wh%22%2C%22value%22%3A%2280%22%2C%22color%22%3A%22bar_red%22%7D%2C%7B%22label%22%3A%22%3Cb%3EWATER%20RATING%3C%2Fb%3E-%20%20Good%22%2C%22value%22%3A%2275%22%2C%22color%22%3A%22bar_red%22%7D%2C%7B%22label%22%3A%22%3Cb%3ESUSPENSION%3C%2Fb%3E-%20%20Adjustable%20hydraulic%20dual-piston%20(super%20comfortable)%22%2C%22value%22%3A%2290%22%2C%22color%22%3A%22bar_red%22%7D%5D\"][\/vc_column][\/vc_row] Description du produit La roue RACING TRAIL de Leaperkim - INSANE TORQUE Puissance du moteur : 3200W \u00e0 couple \u00e9lev\u00e9 avec roue de 20 pouces Couvercle lat\u00e9ral de jante en alliage de magn\u00e9sium plus large\/\u00e9pais Vitesse \u00e0 vide : 125 km\/h Port\u00e9e jusqu'\u00e0 150 km Batterie\u2026","rel":"","context":"Article similaire","block_context":{"text":"Article similaire","link":""},"img":{"alt_text":"Leaperkim Veteran Lynx euc","src":"https:\/\/i0.wp.com\/www.neverwheelup.com\/wp-content\/uploads\/2023\/11\/cop-1.jpg?fit=1200%2C1200&ssl=1&resize=350%2C200","width":350,"height":200,"srcset":"https:\/\/i0.wp.com\/www.neverwheelup.com\/wp-content\/uploads\/2023\/11\/cop-1.jpg?fit=1200%2C1200&ssl=1&resize=350%2C200 1x, https:\/\/i0.wp.com\/www.neverwheelup.com\/wp-content\/uploads\/2023\/11\/cop-1.jpg?fit=1200%2C1200&ssl=1&resize=525%2C300 1.5x, https:\/\/i0.wp.com\/www.neverwheelup.com\/wp-content\/uploads\/2023\/11\/cop-1.jpg?fit=1200%2C1200&ssl=1&resize=700%2C400 2x, https:\/\/i0.wp.com\/www.neverwheelup.com\/wp-content\/uploads\/2023\/11\/cop-1.jpg?fit=1200%2C1200&ssl=1&resize=1050%2C600 3x"},"classes":[]}],"jetpack_sharing_enabled":true,"_links":{"self":[{"href":"https:\/\/www.neverwheelup.com\/fr\/wp-json\/wp\/v2\/product\/8627","targetHints":{"allow":["GET"]}}],"collection":[{"href":"https:\/\/www.neverwheelup.com\/fr\/wp-json\/wp\/v2\/product"}],"about":[{"href":"https:\/\/www.neverwheelup.com\/fr\/wp-json\/wp\/v2\/types\/product"}],"wp:featuredmedia":[{"embeddable":true,"href":"https:\/\/www.neverwheelup.com\/fr\/wp-json\/wp\/v2\/media\/4958"}],"wp:attachment":[{"href":"https:\/\/www.neverwheelup.com\/fr\/wp-json\/wp\/v2\/media?parent=8627"}],"wp:term":[{"taxonomy":"product_brand","embeddable":true,"href":"https:\/\/www.neverwheelup.com\/fr\/wp-json\/wp\/v2\/product_brand?post=8627"},{"taxonomy":"product_cat","embeddable":true,"href":"https:\/\/www.neverwheelup.com\/fr\/wp-json\/wp\/v2\/product_cat?post=8627"},{"taxonomy":"product_tag","embeddable":true,"href":"https:\/\/www.neverwheelup.com\/fr\/wp-json\/wp\/v2\/product_tag?post=8627"}],"curies":[{"name":"wp","href":"https:\/\/api.w.org\/{rel}","templated":true}]}}