{"id":6316,"date":"2023-08-05T10:52:13","date_gmt":"2023-08-05T08:52:13","guid":{"rendered":"https:\/\/www.neverwheelup.com\/prodotto\/inmotion-v13\/"},"modified":"2024-06-12T11:06:11","modified_gmt":"2024-06-12T09:06:11","slug":"inmotion-v13","status":"publish","type":"product","link":"https:\/\/www.neverwheelup.com\/it\/product\/inmotion-v13\/","title":{"rendered":"Inmotion V13"},"content":{"rendered":"<div class=\"wpb-content-wrapper\"><p>[vc_row disable_background_image=&#8221;&#8221;][vc_column][\/vc_column][\/vc_row]<\/p>\n<\/div>","protected":false},"excerpt":{"rendered":"<h4><img loading=\"lazy\" decoding=\"async\" class=\"alignnone size-full wp-image-3651\" src=\"https:\/\/www.neverwheelup.com\/wp-content\/uploads\/2023\/08\/icon-delivery-1.png\" alt=\"\" width=\"60\" height=\"30\"> <u>Consegna in 45-55 giorni lavorativi!<\/u><\/h4>\n<h4>Valutazioni<\/h4>\n<p>[vc_row disable_background_image=&#8221;&#8221;][vc_column][vc_progress_bar values=&#8221;%5B%7B%22label%22%3A%22%3Cb%3ETOP%20SPEED%3C%2Fb%3E%20-%2090km%2Fh%22%2C%22value%22%3A%22100%22%2C%22color%22%3A%22bar_red%22%7D%2C%7B%22label%22%3A%22%3Cb%3EPOWER%3C%2Fb%3E-%20%204500W%22%2C%22value%22%3A%22100%22%2C%22color%22%3A%22bar_red%22%7D%2C%7B%22label%22%3A%22%3Cb%3EWEIGHT%3C%2Fb%3E-%2053%20kg%20%22%2C%22value%22%3A%22100%22%2C%22color%22%3A%22bar_red%22%7D%2C%7B%22label%22%3A%22%3Cb%3EBATTERY%3C%2Fb%3E-%20126V%203024Wh%22%2C%22value%22%3A%2270%22%2C%22color%22%3A%22bar_red%22%7D%2C%7B%22label%22%3A%22%3Cb%3EWATER%20RATING%3C%2Fb%3E-%20Very%20Good%22%2C%22value%22%3A%2290%22%2C%22color%22%3A%22bar_red%22%7D%2C%7B%22label%22%3A%22%3Cb%3ESUSPENSION%3C%2Fb%3E-%204%20piston%20suspension%20system%22%2C%22value%22%3A%2280%22%2C%22color%22%3A%22bar_red%22%7D%5D&#8221;][\/vc_column][\/vc_row]<\/p>\n<h4>Descrizione del prodotto<\/h4>\n<ul>\n<li>L&#8217;EUC pi\u00f9 potente e veloce mai creato da Inmotion<\/li>\n<li>Potenza del motore: 4500W ad alta coppia con ruota da 22&#215;3 pollici<\/li>\n<li>Scheda madre di ultima generazione (Raptor) con Mosfet 42x ad alte prestazioni<\/li>\n<li>Velocit\u00e0 massima: 90 km\/h<\/li>\n<li>Velocit\u00e0 a vuoto: 140 km\/h<\/li>\n<li>Batteria con nuovo BMS SMART 126V 3024Wh IPX5<\/li>\n<li>Autonomia: Fino a 140 km<\/li>\n<li>90 mm di escursione della sospensione con 4 ammortizzatori ad aria &#8211; 2 lati<\/li>\n<li>Display LCD touchscreen a colori multifunzione<\/li>\n<li>Peso: 53 kg<\/li>\n<\/ul>\n<h4>Caratteristiche tecniche<\/h4>\n[wptb id=\"3280\"]\n<h4>Video<\/h4>\n<p><iframe loading=\"lazy\" title=\"Lettore video di YouTube\" src=\"https:\/\/www.youtube.com\/embed\/1V8DN6nhTH4\" width=\"560\" height=\"315\" frameborder=\"0\" allowfullscreen=\"allowfullscreen\"><\/iframe><\/p>\n","protected":false},"featured_media":7874,"template":"","meta":[],"product_brand":[],"product_cat":[510,251,304],"product_tag":[253,277,254,255],"class_list":{"0":"post-6316","1":"product","2":"type-product","3":"status-publish","4":"has-post-thumbnail","6":"product_cat-consegna-in-45-55-giorni","7":"product_cat-monoruota","8":"product_cat-prezzo-speciale","9":"product_tag-euc-it","10":"product_tag-inmotion-it","11":"product_tag-monoruota","12":"product_tag-monoruota-elettrico","14":"first","15":"instock","16":"sale","17":"purchasable","18":"product-type-simple"},"yoast_head":"<!-- This site is optimized with the Yoast SEO plugin v27.5 - https:\/\/yoast.com\/product\/yoast-seo-wordpress\/ -->\n<title>Inmotion V13 monoruota elettrico<\/title>\n<meta name=\"description\" content=\"Bicicletta elettrica Inmotion V13: Motore ad alta coppia da 4500W - Smart BMS da 126V 3024Wh - Pneumatico da 22&#039;&#039; - Display - Escursione delle sospensioni da 90mm - Velocit\u00e0: 90km\/h Peso: 53kg\" \/>\n<meta name=\"robots\" content=\"index, follow, max-snippet:-1, max-image-preview:large, max-video-preview:-1\" \/>\n<link rel=\"canonical\" href=\"https:\/\/www.neverwheelup.com\/it\/product\/inmotion-v13\/\" \/>\n<meta property=\"og:locale\" content=\"it_IT\" \/>\n<meta property=\"og:type\" content=\"article\" \/>\n<meta property=\"og:title\" content=\"Inmotion V13 monoruota elettrico\" \/>\n<meta property=\"og:description\" content=\"Bicicletta elettrica Inmotion V13: Motore ad alta coppia da 4500W - Smart BMS da 126V 3024Wh - Pneumatico da 22&#039;&#039; - Display - Escursione delle sospensioni da 90mm - Velocit\u00e0: 90km\/h Peso: 53kg\" \/>\n<meta property=\"og:url\" content=\"https:\/\/www.neverwheelup.com\/it\/product\/inmotion-v13\/\" \/>\n<meta property=\"og:site_name\" content=\"Never Wheel Up\" \/>\n<meta property=\"article:modified_time\" content=\"2024-06-12T09:06:11+00:00\" \/>\n<meta property=\"og:image\" content=\"https:\/\/i0.wp.com\/www.neverwheelup.com\/wp-content\/uploads\/2023\/08\/V13-quadrata.png?fit=700%2C700&ssl=1\" \/>\n\t<meta property=\"og:image:width\" content=\"700\" \/>\n\t<meta property=\"og:image:height\" content=\"700\" \/>\n\t<meta property=\"og:image:type\" content=\"image\/png\" \/>\n<meta name=\"twitter:card\" content=\"summary_large_image\" \/>\n<meta name=\"twitter:label1\" content=\"Tempo di lettura stimato\" \/>\n\t<meta name=\"twitter:data1\" content=\"1 minuto\" \/>\n<script type=\"application\/ld+json\" class=\"yoast-schema-graph\">{\"@context\":\"https:\\\/\\\/schema.org\",\"@graph\":[{\"@type\":\"WebPage\",\"@id\":\"https:\\\/\\\/www.neverwheelup.com\\\/it\\\/product\\\/inmotion-v13\\\/\",\"url\":\"https:\\\/\\\/www.neverwheelup.com\\\/it\\\/product\\\/inmotion-v13\\\/\",\"name\":\"Inmotion V13 monoruota elettrico\",\"isPartOf\":{\"@id\":\"https:\\\/\\\/www.neverwheelup.com\\\/it\\\/#website\"},\"primaryImageOfPage\":{\"@id\":\"https:\\\/\\\/www.neverwheelup.com\\\/it\\\/product\\\/inmotion-v13\\\/#primaryimage\"},\"image\":{\"@id\":\"https:\\\/\\\/www.neverwheelup.com\\\/it\\\/product\\\/inmotion-v13\\\/#primaryimage\"},\"thumbnailUrl\":\"https:\\\/\\\/i0.wp.com\\\/www.neverwheelup.com\\\/wp-content\\\/uploads\\\/2023\\\/08\\\/V13-quadrata.png?fit=700%2C700&ssl=1\",\"datePublished\":\"2023-08-05T08:52:13+00:00\",\"dateModified\":\"2024-06-12T09:06:11+00:00\",\"description\":\"Bicicletta elettrica Inmotion V13: Motore ad alta coppia da 4500W - Smart BMS da 126V 3024Wh - Pneumatico da 22'' - Display - Escursione delle sospensioni da 90mm - Velocit\u00e0: 90km\\\/h Peso: 53kg\",\"breadcrumb\":{\"@id\":\"https:\\\/\\\/www.neverwheelup.com\\\/it\\\/product\\\/inmotion-v13\\\/#breadcrumb\"},\"inLanguage\":\"it-IT\",\"potentialAction\":[{\"@type\":\"ReadAction\",\"target\":[\"https:\\\/\\\/www.neverwheelup.com\\\/it\\\/product\\\/inmotion-v13\\\/\"]}]},{\"@type\":\"ImageObject\",\"inLanguage\":\"it-IT\",\"@id\":\"https:\\\/\\\/www.neverwheelup.com\\\/it\\\/product\\\/inmotion-v13\\\/#primaryimage\",\"url\":\"https:\\\/\\\/i0.wp.com\\\/www.neverwheelup.com\\\/wp-content\\\/uploads\\\/2023\\\/08\\\/V13-quadrata.png?fit=700%2C700&ssl=1\",\"contentUrl\":\"https:\\\/\\\/i0.wp.com\\\/www.neverwheelup.com\\\/wp-content\\\/uploads\\\/2023\\\/08\\\/V13-quadrata.png?fit=700%2C700&ssl=1\",\"width\":700,\"height\":700},{\"@type\":\"BreadcrumbList\",\"@id\":\"https:\\\/\\\/www.neverwheelup.com\\\/it\\\/product\\\/inmotion-v13\\\/#breadcrumb\",\"itemListElement\":[{\"@type\":\"ListItem\",\"position\":1,\"name\":\"Home\",\"item\":\"https:\\\/\\\/www.neverwheelup.com\\\/it\\\/\"},{\"@type\":\"ListItem\",\"position\":2,\"name\":\"Shop\",\"item\":\"https:\\\/\\\/www.neverwheelup.com\\\/it\\\/shop\\\/\"},{\"@type\":\"ListItem\",\"position\":3,\"name\":\"Inmotion V13\"}]},{\"@type\":\"WebSite\",\"@id\":\"https:\\\/\\\/www.neverwheelup.com\\\/it\\\/#website\",\"url\":\"https:\\\/\\\/www.neverwheelup.com\\\/it\\\/\",\"name\":\"Never Wheel Up - E Scooters and Electric Unicycle\",\"description\":\"Online direct sale of: electric unicycles, electric scooters and electric bicycles at best price. Free shipping!\",\"publisher\":{\"@id\":\"https:\\\/\\\/www.neverwheelup.com\\\/it\\\/#organization\"},\"alternateName\":\"Best Electric Unicycles E-scooters\",\"potentialAction\":[{\"@type\":\"SearchAction\",\"target\":{\"@type\":\"EntryPoint\",\"urlTemplate\":\"https:\\\/\\\/www.neverwheelup.com\\\/it\\\/?s={search_term_string}\"},\"query-input\":{\"@type\":\"PropertyValueSpecification\",\"valueRequired\":true,\"valueName\":\"search_term_string\"}}],\"inLanguage\":\"it-IT\"},{\"@type\":\"Organization\",\"@id\":\"https:\\\/\\\/www.neverwheelup.com\\\/it\\\/#organization\",\"name\":\"Never Wheel Up - E Scooters and Electric Unicycle\",\"url\":\"https:\\\/\\\/www.neverwheelup.com\\\/it\\\/\",\"logo\":{\"@type\":\"ImageObject\",\"inLanguage\":\"it-IT\",\"@id\":\"https:\\\/\\\/www.neverwheelup.com\\\/it\\\/#\\\/schema\\\/logo\\\/image\\\/\",\"url\":\"https:\\\/\\\/www.neverwheelup.com\\\/wp-content\\\/uploads\\\/2023\\\/04\\\/logo-sticky.png\",\"contentUrl\":\"https:\\\/\\\/www.neverwheelup.com\\\/wp-content\\\/uploads\\\/2023\\\/04\\\/logo-sticky.png\",\"width\":423,\"height\":358,\"caption\":\"Never Wheel Up - E Scooters and Electric Unicycle\"},\"image\":{\"@id\":\"https:\\\/\\\/www.neverwheelup.com\\\/it\\\/#\\\/schema\\\/logo\\\/image\\\/\"}}]}<\/script>\n<!-- \/ Yoast SEO plugin. -->","yoast_head_json":{"title":"Inmotion V13 monoruota elettrico","description":"Bicicletta elettrica Inmotion V13: Motore ad alta coppia da 4500W - Smart BMS da 126V 3024Wh - Pneumatico da 22'' - Display - Escursione delle sospensioni da 90mm - Velocit\u00e0: 90km\/h Peso: 53kg","robots":{"index":"index","follow":"follow","max-snippet":"max-snippet:-1","max-image-preview":"max-image-preview:large","max-video-preview":"max-video-preview:-1"},"canonical":"https:\/\/www.neverwheelup.com\/it\/product\/inmotion-v13\/","og_locale":"it_IT","og_type":"article","og_title":"Inmotion V13 monoruota elettrico","og_description":"Bicicletta elettrica Inmotion V13: Motore ad alta coppia da 4500W - Smart BMS da 126V 3024Wh - Pneumatico da 22'' - Display - Escursione delle sospensioni da 90mm - Velocit\u00e0: 90km\/h Peso: 53kg","og_url":"https:\/\/www.neverwheelup.com\/it\/product\/inmotion-v13\/","og_site_name":"Never Wheel Up","article_modified_time":"2024-06-12T09:06:11+00:00","og_image":[{"width":700,"height":700,"url":"https:\/\/i0.wp.com\/www.neverwheelup.com\/wp-content\/uploads\/2023\/08\/V13-quadrata.png?fit=700%2C700&ssl=1","type":"image\/png"}],"twitter_card":"summary_large_image","twitter_misc":{"Tempo di lettura stimato":"1 minuto"},"schema":{"@context":"https:\/\/schema.org","@graph":[{"@type":"WebPage","@id":"https:\/\/www.neverwheelup.com\/it\/product\/inmotion-v13\/","url":"https:\/\/www.neverwheelup.com\/it\/product\/inmotion-v13\/","name":"Inmotion V13 monoruota elettrico","isPartOf":{"@id":"https:\/\/www.neverwheelup.com\/it\/#website"},"primaryImageOfPage":{"@id":"https:\/\/www.neverwheelup.com\/it\/product\/inmotion-v13\/#primaryimage"},"image":{"@id":"https:\/\/www.neverwheelup.com\/it\/product\/inmotion-v13\/#primaryimage"},"thumbnailUrl":"https:\/\/i0.wp.com\/www.neverwheelup.com\/wp-content\/uploads\/2023\/08\/V13-quadrata.png?fit=700%2C700&ssl=1","datePublished":"2023-08-05T08:52:13+00:00","dateModified":"2024-06-12T09:06:11+00:00","description":"Bicicletta elettrica Inmotion V13: Motore ad alta coppia da 4500W - Smart BMS da 126V 3024Wh - Pneumatico da 22'' - Display - Escursione delle sospensioni da 90mm - Velocit\u00e0: 90km\/h Peso: 53kg","breadcrumb":{"@id":"https:\/\/www.neverwheelup.com\/it\/product\/inmotion-v13\/#breadcrumb"},"inLanguage":"it-IT","potentialAction":[{"@type":"ReadAction","target":["https:\/\/www.neverwheelup.com\/it\/product\/inmotion-v13\/"]}]},{"@type":"ImageObject","inLanguage":"it-IT","@id":"https:\/\/www.neverwheelup.com\/it\/product\/inmotion-v13\/#primaryimage","url":"https:\/\/i0.wp.com\/www.neverwheelup.com\/wp-content\/uploads\/2023\/08\/V13-quadrata.png?fit=700%2C700&ssl=1","contentUrl":"https:\/\/i0.wp.com\/www.neverwheelup.com\/wp-content\/uploads\/2023\/08\/V13-quadrata.png?fit=700%2C700&ssl=1","width":700,"height":700},{"@type":"BreadcrumbList","@id":"https:\/\/www.neverwheelup.com\/it\/product\/inmotion-v13\/#breadcrumb","itemListElement":[{"@type":"ListItem","position":1,"name":"Home","item":"https:\/\/www.neverwheelup.com\/it\/"},{"@type":"ListItem","position":2,"name":"Shop","item":"https:\/\/www.neverwheelup.com\/it\/shop\/"},{"@type":"ListItem","position":3,"name":"Inmotion V13"}]},{"@type":"WebSite","@id":"https:\/\/www.neverwheelup.com\/it\/#website","url":"https:\/\/www.neverwheelup.com\/it\/","name":"Never Wheel Up - E Scooters and Electric Unicycle","description":"Online direct sale of: electric unicycles, electric scooters and electric bicycles at best price. Free shipping!","publisher":{"@id":"https:\/\/www.neverwheelup.com\/it\/#organization"},"alternateName":"Best Electric Unicycles E-scooters","potentialAction":[{"@type":"SearchAction","target":{"@type":"EntryPoint","urlTemplate":"https:\/\/www.neverwheelup.com\/it\/?s={search_term_string}"},"query-input":{"@type":"PropertyValueSpecification","valueRequired":true,"valueName":"search_term_string"}}],"inLanguage":"it-IT"},{"@type":"Organization","@id":"https:\/\/www.neverwheelup.com\/it\/#organization","name":"Never Wheel Up - E Scooters and Electric Unicycle","url":"https:\/\/www.neverwheelup.com\/it\/","logo":{"@type":"ImageObject","inLanguage":"it-IT","@id":"https:\/\/www.neverwheelup.com\/it\/#\/schema\/logo\/image\/","url":"https:\/\/www.neverwheelup.com\/wp-content\/uploads\/2023\/04\/logo-sticky.png","contentUrl":"https:\/\/www.neverwheelup.com\/wp-content\/uploads\/2023\/04\/logo-sticky.png","width":423,"height":358,"caption":"Never Wheel Up - E Scooters and Electric Unicycle"},"image":{"@id":"https:\/\/www.neverwheelup.com\/it\/#\/schema\/logo\/image\/"}}]}},"jetpack-related-posts":[{"id":6304,"url":"https:\/\/www.neverwheelup.com\/fr\/product\/inmotion-v13\/","url_meta":{"origin":6316,"position":0},"title":"Inmotion V13","author":"AdminCW","date":"5 Agosto 2023","format":false,"excerpt":"Livraison en 45-55 jours ouvr\u00e9s ! Notations [vc_row disable_background_image=\"\"][vc_column][vc_progress_bar values=\"%5B%7B%22label%22%3A%22%3Cb%3ETOP%20SPEED%3C%2Fb%3E%20-%2090km%2Fh%22%2C%22value%22%3A%22100%22%2C%22color%22%3A%22bar_red%22%7D%2C%7B%22label%22%3A%22%3Cb%3EPOWER%3C%2Fb%3E-%20%204500W%22%2C%22value%22%3A%22100%22%2C%22color%22%3A%22bar_red%22%7D%2C%7B%22label%22%3A%22%3Cb%3EWEIGHT%3C%2Fb%3E-%2053%20kg%20%22%2C%22value%22%3A%22100%22%2C%22color%22%3A%22bar_red%22%7D%2C%7B%22label%22%3A%22%3Cb%3EBATTERY%3C%2Fb%3E-%20126V%203024Wh%22%2C%22value%22%3A%2270%22%2C%22color%22%3A%22bar_red%22%7D%2C%7B%22label%22%3A%22%3Cb%3EWATER%20RATING%3C%2Fb%3E-%20Very%20Good%22%2C%22value%22%3A%2290%22%2C%22color%22%3A%22bar_red%22%7D%2C%7B%22label%22%3A%22%3Cb%3ESUSPENSION%3C%2Fb%3E-%204%20piston%20suspension%20system%22%2C%22value%22%3A%2280%22%2C%22color%22%3A%22bar_red%22%7D%5D\"][\/vc_column][\/vc_row] Description du produit L'EUC le plus puissant et le plus rapide jamais cr\u00e9\u00e9 par Inmotion Puissance du moteur : 4500W \u00e0 couple \u00e9lev\u00e9 avec roue de 22x3 pouces Carte m\u00e8re de derni\u00e8re g\u00e9n\u00e9ration (Raptor) avec Mosfet 42x haute performance Vitesse\u2026","rel":"","context":"Articolo simile","block_context":{"text":"Articolo simile","link":""},"img":{"alt_text":"","src":"https:\/\/i0.wp.com\/www.neverwheelup.com\/wp-content\/uploads\/2023\/08\/V13-quadrata.png?fit=700%2C700&ssl=1&resize=350%2C200","width":350,"height":200,"srcset":"https:\/\/i0.wp.com\/www.neverwheelup.com\/wp-content\/uploads\/2023\/08\/V13-quadrata.png?fit=700%2C700&ssl=1&resize=350%2C200 1x, https:\/\/i0.wp.com\/www.neverwheelup.com\/wp-content\/uploads\/2023\/08\/V13-quadrata.png?fit=700%2C700&ssl=1&resize=525%2C300 1.5x, https:\/\/i0.wp.com\/www.neverwheelup.com\/wp-content\/uploads\/2023\/08\/V13-quadrata.png?fit=700%2C700&ssl=1&resize=700%2C400 2x"},"classes":[]},{"id":3552,"url":"https:\/\/www.neverwheelup.com\/product\/begode-master-pro-v2\/","url_meta":{"origin":6316,"position":1},"title":"Begode Master Pro V2","author":"AdminCW","date":"8 Agosto 2023","format":false,"excerpt":"Delivery in 45-55 working days! Ratings [vc_row disable_background_image=\"\"][vc_column][vc_progress_bar values=\"%5B%7B%22label%22%3A%22%3Cb%3ETOP%20SPEED%3C%2Fb%3E%20-%2090%2B%20km%2Fh%22%2C%22value%22%3A%22100%22%2C%22color%22%3A%22bar_red%22%7D%2C%7B%22label%22%3A%22%3Cb%3EPOWER%3C%2Fb%3E-%20%204500W%22%2C%22value%22%3A%22100%22%2C%22color%22%3A%22bar_red%22%7D%2C%7B%22label%22%3A%22%3Cb%3EWEIGHT%3C%2Fb%3E-%2053.5%20kg%22%2C%22value%22%3A%22100%22%2C%22color%22%3A%22bar_red%22%7D%2C%7B%22label%22%3A%22%3Cb%3EBATTERY%3C%2Fb%3E-%20%20134.4V%204800Wh%22%2C%22value%22%3A%22100%22%2C%22color%22%3A%22bar_red%22%7D%2C%7B%22label%22%3A%22%3Cb%3EWATER%20RATING%3C%2Fb%3E-%20%20Good%22%2C%22value%22%3A%2270%22%2C%22color%22%3A%22bar_red%22%7D%2C%7B%22label%22%3A%22%3Cb%3ESUSPENSION%3C%2Fb%3E-%20Air-shock%20adjustable%20suspension%20system%22%2C%22value%22%3A%2280%22%2C%22color%22%3A%22bar_red%22%7D%5D\"][\/vc_column][\/vc_row] Product description \u00a0Upgrades in Version 2: - Includes a massive headlight similar to MTen4's. - New designed power pads and new sturdy kickstand. - Aluminum battery cases replace original plastic cases. Equipped with a massive 4800Wh battery and 134V voltage. Expected\u2026","rel":"","context":"Articolo simile","block_context":{"text":"Articolo simile","link":""},"img":{"alt_text":"Begode Master Pro e scooter","src":"https:\/\/i0.wp.com\/www.neverwheelup.com\/wp-content\/uploads\/2023\/08\/begodemasterpro.jpg?fit=960%2C960&ssl=1&resize=350%2C200","width":350,"height":200,"srcset":"https:\/\/i0.wp.com\/www.neverwheelup.com\/wp-content\/uploads\/2023\/08\/begodemasterpro.jpg?fit=960%2C960&ssl=1&resize=350%2C200 1x, https:\/\/i0.wp.com\/www.neverwheelup.com\/wp-content\/uploads\/2023\/08\/begodemasterpro.jpg?fit=960%2C960&ssl=1&resize=525%2C300 1.5x, https:\/\/i0.wp.com\/www.neverwheelup.com\/wp-content\/uploads\/2023\/08\/begodemasterpro.jpg?fit=960%2C960&ssl=1&resize=700%2C400 2x"},"classes":[]},{"id":8995,"url":"https:\/\/www.neverwheelup.com\/product\/begode-et-max\/","url_meta":{"origin":6316,"position":2},"title":"Begode ET Max","author":"AdminCW","date":"11 Gennaio 2024","format":false,"excerpt":"DELIVERY IN 45-55 WORKING DAYS! Ratings [vc_row disable_background_image=\"\"][vc_column][vc_progress_bar values=\"%5B%7B%22label%22%3A%22%3Cb%3ETOP%20SPEED%3C%2Fb%3E%20-%20%2B95km%2Fh%22%2C%22value%22%3A%22100%22%2C%22color%22%3A%22bar_red%22%7D%2C%7B%22label%22%3A%22%3Cb%3EPOWER%3C%2Fb%3E-%20%204500W%22%2C%22value%22%3A%22100%22%2C%22color%22%3A%22bar_red%22%7D%2C%7B%22label%22%3A%22%3Cb%3EWEIGHT%3C%2Fb%3E-%2044%20kg%20%22%2C%22value%22%3A%2230%22%2C%22color%22%3A%22bar_red%22%7D%2C%7B%22label%22%3A%22%3Cb%3EBATTERY%3C%2Fb%3E-%20168V%203000Wh%22%2C%22value%22%3A%2275%22%2C%22color%22%3A%22bar_red%22%7D%2C%7B%22label%22%3A%22%3Cb%3EWATER%20RATING%3C%2Fb%3E-%20without%20certification%2C%20declared%20good%22%2C%22value%22%3A%2265%22%2C%22color%22%3A%22bar_red%22%7D%2C%7B%22label%22%3A%22%3Cb%3ESUSPENSION%3C%2Fb%3E-%20%20Hydraulic%20adjustable%20coil%20suspension%20-%20130mm%20%22%2C%22value%22%3A%2285%22%2C%22color%22%3A%22bar_red%22%7D%5D\"][\/vc_column][\/vc_row] Product description Begode ET MAX: Redefining Urban Transportation The Begode ET MAX is the ultimate electric unicycle for those who demand the highest performance. With its powerful 4500W tile type High Torque Motor, long-range 168V 3000Wh battery, enhanced handling through its\u2026","rel":"","context":"Articolo simile","block_context":{"text":"Articolo simile","link":""},"img":{"alt_text":"Begode ET max euc","src":"https:\/\/i0.wp.com\/www.neverwheelup.com\/wp-content\/uploads\/2024\/01\/begodeetmaxCOP.png?fit=561%2C561&ssl=1&resize=350%2C200","width":350,"height":200,"srcset":"https:\/\/i0.wp.com\/www.neverwheelup.com\/wp-content\/uploads\/2024\/01\/begodeetmaxCOP.png?fit=561%2C561&ssl=1&resize=350%2C200 1x, https:\/\/i0.wp.com\/www.neverwheelup.com\/wp-content\/uploads\/2024\/01\/begodeetmaxCOP.png?fit=561%2C561&ssl=1&resize=525%2C300 1.5x"},"classes":[]},{"id":8998,"url":"https:\/\/www.neverwheelup.com\/fr\/product\/begode-et-max\/","url_meta":{"origin":6316,"position":3},"title":"Begode ET Max","author":"AdminCW","date":"11 Gennaio 2024","format":false,"excerpt":"LIVRAISON EN 45-55 JOURS OUVRABLES ! Notations [vc_row disable_background_image=\"\"][vc_column][vc_progress_bar values=\"%5B%7B%22label%22%3A%22%3Cb%3ETOP%20SPEED%3C%2Fb%3E%20-%20%2B95km%2Fh%22%2C%22value%22%3A%22100%22%2C%22color%22%3A%22bar_red%22%7D%2C%7B%22label%22%3A%22%3Cb%3EPOWER%3C%2Fb%3E-%20%204500W%22%2C%22value%22%3A%22100%22%2C%22color%22%3A%22bar_red%22%7D%2C%7B%22label%22%3A%22%3Cb%3EWEIGHT%3C%2Fb%3E-%2044%20kg%20%22%2C%22value%22%3A%2230%22%2C%22color%22%3A%22bar_red%22%7D%2C%7B%22label%22%3A%22%3Cb%3EBATTERY%3C%2Fb%3E-%20168V%203000Wh%22%2C%22value%22%3A%2275%22%2C%22color%22%3A%22bar_red%22%7D%2C%7B%22label%22%3A%22%3Cb%3EWATER%20RATING%3C%2Fb%3E-%20without%20certification%2C%20declared%20good%22%2C%22value%22%3A%2265%22%2C%22color%22%3A%22bar_red%22%7D%2C%7B%22label%22%3A%22%3Cb%3ESUSPENSION%3C%2Fb%3E-%20%20Hydraulic%20adjustable%20coil%20suspension%20-%20130mm%20%22%2C%22value%22%3A%2285%22%2C%22color%22%3A%22bar_red%22%7D%5D\"][\/vc_column][\/vc_row] Description du produit Begode ET MAX: Red\u00e9finir les transports urbains Le Begode ET MAX est le monocycle \u00e9lectrique ultime pour ceux qui exigent les plus hautes performances. Avec son puissant moteur \u00e0 couple \u00e9lev\u00e9 de 4500W, sa batterie 168V 3000Wh\u2026","rel":"","context":"Articolo simile","block_context":{"text":"Articolo simile","link":""},"img":{"alt_text":"Begode ET max euc","src":"https:\/\/i0.wp.com\/www.neverwheelup.com\/wp-content\/uploads\/2024\/01\/begodeetmaxCOP.png?fit=561%2C561&ssl=1&resize=350%2C200","width":350,"height":200,"srcset":"https:\/\/i0.wp.com\/www.neverwheelup.com\/wp-content\/uploads\/2024\/01\/begodeetmaxCOP.png?fit=561%2C561&ssl=1&resize=350%2C200 1x, https:\/\/i0.wp.com\/www.neverwheelup.com\/wp-content\/uploads\/2024\/01\/begodeetmaxCOP.png?fit=561%2C561&ssl=1&resize=525%2C300 1.5x"},"classes":[]},{"id":9001,"url":"https:\/\/www.neverwheelup.com\/it\/product\/begode-et-max\/","url_meta":{"origin":6316,"position":4},"title":"Begode ET Max","author":"AdminCW","date":"11 Gennaio 2024","format":false,"excerpt":"SPEDIZIONE IN 45-55 GIORNI LAVORATIVI ! Valutazioni [vc_row disable_background_image=\"\"][vc_column][vc_progress_bar values=\"%5B%7B%22label%22%3A%22%3Cb%3ETOP%20SPEED%3C%2Fb%3E%20-%20%2B95km%2Fh%22%2C%22value%22%3A%22100%22%2C%22color%22%3A%22bar_red%22%7D%2C%7B%22label%22%3A%22%3Cb%3EPOWER%3C%2Fb%3E-%20%204500W%22%2C%22value%22%3A%22100%22%2C%22color%22%3A%22bar_red%22%7D%2C%7B%22label%22%3A%22%3Cb%3EWEIGHT%3C%2Fb%3E-%2044%20kg%20%22%2C%22value%22%3A%2230%22%2C%22color%22%3A%22bar_red%22%7D%2C%7B%22label%22%3A%22%3Cb%3EBATTERY%3C%2Fb%3E-%20168V%203000Wh%22%2C%22value%22%3A%2275%22%2C%22color%22%3A%22bar_red%22%7D%2C%7B%22label%22%3A%22%3Cb%3EWATER%20RATING%3C%2Fb%3E-%20without%20certification%2C%20declared%20good%22%2C%22value%22%3A%2265%22%2C%22color%22%3A%22bar_red%22%7D%2C%7B%22label%22%3A%22%3Cb%3ESUSPENSION%3C%2Fb%3E-%20%20Hydraulic%20adjustable%20coil%20suspension%20-%20130mm%20%22%2C%22value%22%3A%2285%22%2C%22color%22%3A%22bar_red%22%7D%5D\"][\/vc_column][\/vc_row] Descrizione del prodotto Begode ET MAX: Ridefinire il trasporto urbano Il Begode ET MAX \u00e8 il monoruota elettrico definitivo per chi esige le massime prestazioni. Grazie al potente motore ad alta coppia da 4500W, alla batteria a lunga durata da\u2026","rel":"","context":"Articolo simile","block_context":{"text":"Articolo simile","link":""},"img":{"alt_text":"Begode ET max euc","src":"https:\/\/i0.wp.com\/www.neverwheelup.com\/wp-content\/uploads\/2024\/01\/begodeetmaxCOP.png?fit=561%2C561&ssl=1&resize=350%2C200","width":350,"height":200,"srcset":"https:\/\/i0.wp.com\/www.neverwheelup.com\/wp-content\/uploads\/2024\/01\/begodeetmaxCOP.png?fit=561%2C561&ssl=1&resize=350%2C200 1x, https:\/\/i0.wp.com\/www.neverwheelup.com\/wp-content\/uploads\/2024\/01\/begodeetmaxCOP.png?fit=561%2C561&ssl=1&resize=525%2C300 1.5x"},"classes":[]},{"id":9327,"url":"https:\/\/www.neverwheelup.com\/product\/begode-master-pro-v3\/","url_meta":{"origin":6316,"position":5},"title":"Begode Master Pro V3","author":"AdminCW","date":"16 Gennaio 2024","format":false,"excerpt":"Delivery in 35-45 working days! Ratings [vc_row disable_background_image=\"\"][vc_column][vc_progress_bar values=\"%5B%7B%22label%22%3A%22%3Cb%3ETOP%20SPEED%3C%2Fb%3E%20-%20100%2B%20km%2Fh%22%2C%22value%22%3A%22100%22%2C%22color%22%3A%22bar_red%22%7D%2C%7B%22label%22%3A%22%3Cb%3EPOWER%3C%2Fb%3E-%20%205000W%22%2C%22value%22%3A%22100%22%2C%22color%22%3A%22bar_red%22%7D%2C%7B%22label%22%3A%22%3Cb%3EWEIGHT%3C%2Fb%3E-%2057%20kg%22%2C%22value%22%3A%2210%22%2C%22color%22%3A%22bar_red%22%7D%2C%7B%22label%22%3A%22%3Cb%3EBATTERY%3C%2Fb%3E-%20%20134.4V%204800Wh%20SAMSUNG%2050S%22%2C%22value%22%3A%22100%22%2C%22color%22%3A%22bar_red%22%7D%2C%7B%22label%22%3A%22%3Cb%3EWATER%20RATING%3C%2Fb%3E-%20%20Good%20but%20without%20certifications%22%2C%22value%22%3A%2270%22%2C%22color%22%3A%22bar_red%22%7D%2C%7B%22label%22%3A%22%3Cb%3ESUSPENSION%3C%2Fb%3E-%20Air-shock%20adjustable%20suspension%20system%22%2C%22value%22%3A%2275%22%2C%22color%22%3A%22bar_red%22%7D%5D\"][\/vc_column][\/vc_row] Product description \u00a0Upgrades in Version 3: - New 5000W C40 HT sturdy rim motor - New SAMSUNG 50S\/50GB battery - New bigger brighter display - Includes a massive yellow headlight similar to MTen4's. - New designed power pads and new sturdy\u2026","rel":"","context":"Articolo simile","block_context":{"text":"Articolo simile","link":""},"img":{"alt_text":"Begode Master pro v3 50s","src":"https:\/\/i0.wp.com\/www.neverwheelup.com\/wp-content\/uploads\/2024\/01\/2024011611523855.jpg?fit=1200%2C1200&ssl=1&resize=350%2C200","width":350,"height":200,"srcset":"https:\/\/i0.wp.com\/www.neverwheelup.com\/wp-content\/uploads\/2024\/01\/2024011611523855.jpg?fit=1200%2C1200&ssl=1&resize=350%2C200 1x, https:\/\/i0.wp.com\/www.neverwheelup.com\/wp-content\/uploads\/2024\/01\/2024011611523855.jpg?fit=1200%2C1200&ssl=1&resize=525%2C300 1.5x, https:\/\/i0.wp.com\/www.neverwheelup.com\/wp-content\/uploads\/2024\/01\/2024011611523855.jpg?fit=1200%2C1200&ssl=1&resize=700%2C400 2x, https:\/\/i0.wp.com\/www.neverwheelup.com\/wp-content\/uploads\/2024\/01\/2024011611523855.jpg?fit=1200%2C1200&ssl=1&resize=1050%2C600 3x"},"classes":[]}],"jetpack_sharing_enabled":true,"_links":{"self":[{"href":"https:\/\/www.neverwheelup.com\/it\/wp-json\/wp\/v2\/product\/6316","targetHints":{"allow":["GET"]}}],"collection":[{"href":"https:\/\/www.neverwheelup.com\/it\/wp-json\/wp\/v2\/product"}],"about":[{"href":"https:\/\/www.neverwheelup.com\/it\/wp-json\/wp\/v2\/types\/product"}],"wp:featuredmedia":[{"embeddable":true,"href":"https:\/\/www.neverwheelup.com\/it\/wp-json\/wp\/v2\/media\/7874"}],"wp:attachment":[{"href":"https:\/\/www.neverwheelup.com\/it\/wp-json\/wp\/v2\/media?parent=6316"}],"wp:term":[{"taxonomy":"product_brand","embeddable":true,"href":"https:\/\/www.neverwheelup.com\/it\/wp-json\/wp\/v2\/product_brand?post=6316"},{"taxonomy":"product_cat","embeddable":true,"href":"https:\/\/www.neverwheelup.com\/it\/wp-json\/wp\/v2\/product_cat?post=6316"},{"taxonomy":"product_tag","embeddable":true,"href":"https:\/\/www.neverwheelup.com\/it\/wp-json\/wp\/v2\/product_tag?post=6316"}],"curies":[{"name":"wp","href":"https:\/\/api.w.org\/{rel}","templated":true}]}}