{"id":6329,"date":"2023-08-05T11:07:47","date_gmt":"2023-08-05T09:07:47","guid":{"rendered":"https:\/\/www.neverwheelup.com\/prodotto\/inmotion-rs\/"},"modified":"2023-12-29T18:01:15","modified_gmt":"2023-12-29T17:01:15","slug":"inmotion-rs","status":"publish","type":"product","link":"https:\/\/www.neverwheelup.com\/it\/product\/inmotion-rs\/","title":{"rendered":"Inmotion RS"},"content":{"rendered":"<div class=\"wpb-content-wrapper\"><p>[vc_row disable_background_image=&#8221;&#8221;][vc_column][vc_column_text]Inmotion RS e-scooter: 8400W di potenza di picco &#8211; 72V 40Ah SMART BMS &#8211; Sistema di sospensioni idrauliche DUAL &#8211; Velocit\u00e0 massima: 110 km\/h &#8211; IPX6\/IPX5 &#8211; Autonomia massima: 160 km[\/vc_column_text][\/vc_column][\/vc_row]<\/p>\n<\/div>","protected":false},"excerpt":{"rendered":"<h4><img loading=\"lazy\" decoding=\"async\" class=\"alignnone size-full wp-image-3651\" src=\"https:\/\/www.neverwheelup.com\/wp-content\/uploads\/2023\/08\/icon-delivery-1.png\" alt=\"\" width=\"60\" height=\"30\"> <u>Consegna in 45-55 giorni lavorativi!<\/u><\/h4>\n<h4>Valutazioni<\/h4>\n<p>[vc_row disable_background_image=&#8221;&#8221;][vc_column][vc_progress_bar values=&#8221;%5B%7B%22label%22%3A%22%3Cb%3ETOP%20SPEED%3C%2Fb%3E%20-%20110%20km%2Fh%22%2C%22value%22%3A%2290%22%2C%22color%22%3A%22bar_red%22%7D%2C%7B%22label%22%3A%22%3Cb%3ERATED%20POWER%3C%2Fb%3E-%20%202000W*2%22%2C%22value%22%3A%2280%22%2C%22color%22%3A%22bar_red%22%7D%2C%7B%22label%22%3A%22%3Cb%3EWEIGHT%3C%2Fb%3E-%20%2058%20kg%22%2C%22value%22%3A%2290%22%2C%22color%22%3A%22bar_red%22%7D%2C%7B%22label%22%3A%22%3Cb%3EBATTERY%3C%2Fb%3E-%20%2072V%2040Ah%22%2C%22value%22%3A%2280%22%2C%22color%22%3A%22bar_red%22%7D%2C%7B%22label%22%3A%22%3Cb%3EWATER%20RATING%3C%2Fb%3E-%20Very%20Good%20%22%2C%22value%22%3A%2280%22%2C%22color%22%3A%22bar_red%22%7D%2C%7B%22label%22%3A%22%3Cb%3ESUSPENSION%3C%2Fb%3E-%20%20C-shaped%20dual-coil%20suspension%22%2C%22value%22%3A%2285%22%2C%22color%22%3A%22bar_red%22%7D%5D&#8221;][\/vc_column][\/vc_row]<\/p>\n<h4>Descrizione del prodotto<\/h4>\n<ul>\n<li>Velocit\u00e0 massima: 110 km\/h (regolabile nell&#8217;app)<\/li>\n<li>Portata massima: 160 km<\/li>\n<li>Batteria: 72V 40Ah<\/li>\n<li>Tempo di ricarica: circa 4-8 ore<\/li>\n<li>Potenza nominale: 2000W*2<\/li>\n<li>Potenza di picco: 4200W*2<\/li>\n<li>Carico utile: 150 kg max<\/li>\n<li>Pneumatici: 11 pollici, tubeless riempiti d&#8217;aria anteriormente e posteriormente<\/li>\n<li>Pendenza massima: 50\u00b0 (a seconda del carico utile e della carica)<\/li>\n<li>Peso: 58 kg<\/li>\n<li>Dimensioni: 1473 x 716 x 1363 mm<\/li>\n<li>Dimensioni piegate: 1473 x 716 x 684 mm<\/li>\n<li>Doppia porta di ricarica<\/li>\n<li>Grado di protezione IP: IPx6 per il corpo, IP X7 per la batteria<\/li>\n<li>Sistema di sospensioni: Sospensioni idrauliche anteriori e posteriori<\/li>\n<li>Luci: Doppio faro da 12W, luci laterali multifunzionali<\/li>\n<li>Indicatori di direzione luminosi, luce freno a LED sulla ruota posteriore<\/li>\n<li>Altezza del manubrio regolabile<\/li>\n<li>Altezza della coperta regolabile<\/li>\n<\/ul>\n<h4>Caratteristiche tecniche<\/h4>\n[wptb id=\"3277\"]\n<h4>Video<\/h4>\n<p><iframe loading=\"lazy\" title=\"Lettore video di YouTube\" src=\"https:\/\/www.youtube.com\/embed\/PMEYzqkxE4U\" width=\"560\" height=\"315\" frameborder=\"0\" allowfullscreen=\"allowfullscreen\"><\/iframe><\/p>\n","protected":false},"featured_media":5191,"template":"","meta":[],"product_brand":[],"product_cat":[510,320],"product_tag":[326,277,329],"class_list":{"0":"post-6329","1":"product","2":"type-product","3":"status-publish","4":"has-post-thumbnail","6":"product_cat-consegna-in-45-55-giorni","7":"product_cat-e-scooter","8":"product_tag-e-scooter-it","9":"product_tag-inmotion-it","10":"product_tag-scooter-elettrico","12":"first","13":"instock","14":"purchasable","15":"product-type-simple"},"yoast_head":"<!-- This site is optimized with the Yoast SEO plugin v27.5 - https:\/\/yoast.com\/product\/yoast-seo-wordpress\/ -->\n<title>Inmotion RS Scooter elettrico<\/title>\n<meta name=\"description\" content=\"Inmotion RS e-scooter: 8400W di potenza di picco - 72V 40Ah SMART BMS - Sistema di sospensioni idrauliche DUAL - Velocit\u00e0 massima: 110 km\/h - IPX6\/IPX5 - Autonomia massima: 160 km\" \/>\n<meta name=\"robots\" content=\"index, follow, max-snippet:-1, max-image-preview:large, max-video-preview:-1\" \/>\n<link rel=\"canonical\" href=\"https:\/\/www.neverwheelup.com\/it\/product\/inmotion-rs\/\" \/>\n<meta property=\"og:locale\" content=\"it_IT\" \/>\n<meta property=\"og:type\" content=\"article\" \/>\n<meta property=\"og:title\" content=\"Inmotion RS Scooter elettrico\" \/>\n<meta property=\"og:description\" content=\"Inmotion RS e-scooter: 8400W di potenza di picco - 72V 40Ah SMART BMS - Sistema di sospensioni idrauliche DUAL - Velocit\u00e0 massima: 110 km\/h - IPX6\/IPX5 - Autonomia massima: 160 km\" \/>\n<meta property=\"og:url\" content=\"https:\/\/www.neverwheelup.com\/it\/product\/inmotion-rs\/\" \/>\n<meta property=\"og:site_name\" content=\"Never Wheel Up\" \/>\n<meta property=\"article:modified_time\" content=\"2023-12-29T17:01:15+00:00\" \/>\n<meta property=\"og:image\" content=\"https:\/\/i0.wp.com\/www.neverwheelup.com\/wp-content\/uploads\/2023\/08\/copertina-3.jpg?fit=1250%2C1250&ssl=1\" \/>\n\t<meta property=\"og:image:width\" content=\"1250\" \/>\n\t<meta property=\"og:image:height\" content=\"1250\" \/>\n\t<meta property=\"og:image:type\" content=\"image\/jpeg\" \/>\n<meta name=\"twitter:card\" content=\"summary_large_image\" \/>\n<meta name=\"twitter:label1\" content=\"Tempo di lettura stimato\" \/>\n\t<meta name=\"twitter:data1\" content=\"1 minuto\" \/>\n<script type=\"application\/ld+json\" class=\"yoast-schema-graph\">{\"@context\":\"https:\\\/\\\/schema.org\",\"@graph\":[{\"@type\":\"WebPage\",\"@id\":\"https:\\\/\\\/www.neverwheelup.com\\\/it\\\/product\\\/inmotion-rs\\\/\",\"url\":\"https:\\\/\\\/www.neverwheelup.com\\\/it\\\/product\\\/inmotion-rs\\\/\",\"name\":\"Inmotion RS Scooter elettrico\",\"isPartOf\":{\"@id\":\"https:\\\/\\\/www.neverwheelup.com\\\/it\\\/#website\"},\"primaryImageOfPage\":{\"@id\":\"https:\\\/\\\/www.neverwheelup.com\\\/it\\\/product\\\/inmotion-rs\\\/#primaryimage\"},\"image\":{\"@id\":\"https:\\\/\\\/www.neverwheelup.com\\\/it\\\/product\\\/inmotion-rs\\\/#primaryimage\"},\"thumbnailUrl\":\"https:\\\/\\\/i0.wp.com\\\/www.neverwheelup.com\\\/wp-content\\\/uploads\\\/2023\\\/08\\\/copertina-3.jpg?fit=1250%2C1250&ssl=1\",\"datePublished\":\"2023-08-05T09:07:47+00:00\",\"dateModified\":\"2023-12-29T17:01:15+00:00\",\"description\":\"Inmotion RS e-scooter: 8400W di potenza di picco - 72V 40Ah SMART BMS - Sistema di sospensioni idrauliche DUAL - Velocit\u00e0 massima: 110 km\\\/h - IPX6\\\/IPX5 - Autonomia massima: 160 km\",\"breadcrumb\":{\"@id\":\"https:\\\/\\\/www.neverwheelup.com\\\/it\\\/product\\\/inmotion-rs\\\/#breadcrumb\"},\"inLanguage\":\"it-IT\",\"potentialAction\":[{\"@type\":\"ReadAction\",\"target\":[\"https:\\\/\\\/www.neverwheelup.com\\\/it\\\/product\\\/inmotion-rs\\\/\"]}]},{\"@type\":\"ImageObject\",\"inLanguage\":\"it-IT\",\"@id\":\"https:\\\/\\\/www.neverwheelup.com\\\/it\\\/product\\\/inmotion-rs\\\/#primaryimage\",\"url\":\"https:\\\/\\\/i0.wp.com\\\/www.neverwheelup.com\\\/wp-content\\\/uploads\\\/2023\\\/08\\\/copertina-3.jpg?fit=1250%2C1250&ssl=1\",\"contentUrl\":\"https:\\\/\\\/i0.wp.com\\\/www.neverwheelup.com\\\/wp-content\\\/uploads\\\/2023\\\/08\\\/copertina-3.jpg?fit=1250%2C1250&ssl=1\",\"width\":1250,\"height\":1250},{\"@type\":\"BreadcrumbList\",\"@id\":\"https:\\\/\\\/www.neverwheelup.com\\\/it\\\/product\\\/inmotion-rs\\\/#breadcrumb\",\"itemListElement\":[{\"@type\":\"ListItem\",\"position\":1,\"name\":\"Home\",\"item\":\"https:\\\/\\\/www.neverwheelup.com\\\/it\\\/\"},{\"@type\":\"ListItem\",\"position\":2,\"name\":\"Shop\",\"item\":\"https:\\\/\\\/www.neverwheelup.com\\\/it\\\/shop\\\/\"},{\"@type\":\"ListItem\",\"position\":3,\"name\":\"Inmotion RS\"}]},{\"@type\":\"WebSite\",\"@id\":\"https:\\\/\\\/www.neverwheelup.com\\\/it\\\/#website\",\"url\":\"https:\\\/\\\/www.neverwheelup.com\\\/it\\\/\",\"name\":\"Never Wheel Up - E Scooters and Electric Unicycle\",\"description\":\"Online direct sale of: electric unicycles, electric scooters and electric bicycles at best price. Free shipping!\",\"publisher\":{\"@id\":\"https:\\\/\\\/www.neverwheelup.com\\\/it\\\/#organization\"},\"alternateName\":\"Best Electric Unicycles E-scooters\",\"potentialAction\":[{\"@type\":\"SearchAction\",\"target\":{\"@type\":\"EntryPoint\",\"urlTemplate\":\"https:\\\/\\\/www.neverwheelup.com\\\/it\\\/?s={search_term_string}\"},\"query-input\":{\"@type\":\"PropertyValueSpecification\",\"valueRequired\":true,\"valueName\":\"search_term_string\"}}],\"inLanguage\":\"it-IT\"},{\"@type\":\"Organization\",\"@id\":\"https:\\\/\\\/www.neverwheelup.com\\\/it\\\/#organization\",\"name\":\"Never Wheel Up - E Scooters and Electric Unicycle\",\"url\":\"https:\\\/\\\/www.neverwheelup.com\\\/it\\\/\",\"logo\":{\"@type\":\"ImageObject\",\"inLanguage\":\"it-IT\",\"@id\":\"https:\\\/\\\/www.neverwheelup.com\\\/it\\\/#\\\/schema\\\/logo\\\/image\\\/\",\"url\":\"https:\\\/\\\/www.neverwheelup.com\\\/wp-content\\\/uploads\\\/2023\\\/04\\\/logo-sticky.png\",\"contentUrl\":\"https:\\\/\\\/www.neverwheelup.com\\\/wp-content\\\/uploads\\\/2023\\\/04\\\/logo-sticky.png\",\"width\":423,\"height\":358,\"caption\":\"Never Wheel Up - E Scooters and Electric Unicycle\"},\"image\":{\"@id\":\"https:\\\/\\\/www.neverwheelup.com\\\/it\\\/#\\\/schema\\\/logo\\\/image\\\/\"}}]}<\/script>\n<!-- \/ Yoast SEO plugin. -->","yoast_head_json":{"title":"Inmotion RS Scooter elettrico","description":"Inmotion RS e-scooter: 8400W di potenza di picco - 72V 40Ah SMART BMS - Sistema di sospensioni idrauliche DUAL - Velocit\u00e0 massima: 110 km\/h - IPX6\/IPX5 - Autonomia massima: 160 km","robots":{"index":"index","follow":"follow","max-snippet":"max-snippet:-1","max-image-preview":"max-image-preview:large","max-video-preview":"max-video-preview:-1"},"canonical":"https:\/\/www.neverwheelup.com\/it\/product\/inmotion-rs\/","og_locale":"it_IT","og_type":"article","og_title":"Inmotion RS Scooter elettrico","og_description":"Inmotion RS e-scooter: 8400W di potenza di picco - 72V 40Ah SMART BMS - Sistema di sospensioni idrauliche DUAL - Velocit\u00e0 massima: 110 km\/h - IPX6\/IPX5 - Autonomia massima: 160 km","og_url":"https:\/\/www.neverwheelup.com\/it\/product\/inmotion-rs\/","og_site_name":"Never Wheel Up","article_modified_time":"2023-12-29T17:01:15+00:00","og_image":[{"width":1250,"height":1250,"url":"https:\/\/i0.wp.com\/www.neverwheelup.com\/wp-content\/uploads\/2023\/08\/copertina-3.jpg?fit=1250%2C1250&ssl=1","type":"image\/jpeg"}],"twitter_card":"summary_large_image","twitter_misc":{"Tempo di lettura stimato":"1 minuto"},"schema":{"@context":"https:\/\/schema.org","@graph":[{"@type":"WebPage","@id":"https:\/\/www.neverwheelup.com\/it\/product\/inmotion-rs\/","url":"https:\/\/www.neverwheelup.com\/it\/product\/inmotion-rs\/","name":"Inmotion RS Scooter elettrico","isPartOf":{"@id":"https:\/\/www.neverwheelup.com\/it\/#website"},"primaryImageOfPage":{"@id":"https:\/\/www.neverwheelup.com\/it\/product\/inmotion-rs\/#primaryimage"},"image":{"@id":"https:\/\/www.neverwheelup.com\/it\/product\/inmotion-rs\/#primaryimage"},"thumbnailUrl":"https:\/\/i0.wp.com\/www.neverwheelup.com\/wp-content\/uploads\/2023\/08\/copertina-3.jpg?fit=1250%2C1250&ssl=1","datePublished":"2023-08-05T09:07:47+00:00","dateModified":"2023-12-29T17:01:15+00:00","description":"Inmotion RS e-scooter: 8400W di potenza di picco - 72V 40Ah SMART BMS - Sistema di sospensioni idrauliche DUAL - Velocit\u00e0 massima: 110 km\/h - IPX6\/IPX5 - Autonomia massima: 160 km","breadcrumb":{"@id":"https:\/\/www.neverwheelup.com\/it\/product\/inmotion-rs\/#breadcrumb"},"inLanguage":"it-IT","potentialAction":[{"@type":"ReadAction","target":["https:\/\/www.neverwheelup.com\/it\/product\/inmotion-rs\/"]}]},{"@type":"ImageObject","inLanguage":"it-IT","@id":"https:\/\/www.neverwheelup.com\/it\/product\/inmotion-rs\/#primaryimage","url":"https:\/\/i0.wp.com\/www.neverwheelup.com\/wp-content\/uploads\/2023\/08\/copertina-3.jpg?fit=1250%2C1250&ssl=1","contentUrl":"https:\/\/i0.wp.com\/www.neverwheelup.com\/wp-content\/uploads\/2023\/08\/copertina-3.jpg?fit=1250%2C1250&ssl=1","width":1250,"height":1250},{"@type":"BreadcrumbList","@id":"https:\/\/www.neverwheelup.com\/it\/product\/inmotion-rs\/#breadcrumb","itemListElement":[{"@type":"ListItem","position":1,"name":"Home","item":"https:\/\/www.neverwheelup.com\/it\/"},{"@type":"ListItem","position":2,"name":"Shop","item":"https:\/\/www.neverwheelup.com\/it\/shop\/"},{"@type":"ListItem","position":3,"name":"Inmotion RS"}]},{"@type":"WebSite","@id":"https:\/\/www.neverwheelup.com\/it\/#website","url":"https:\/\/www.neverwheelup.com\/it\/","name":"Never Wheel Up - E Scooters and Electric Unicycle","description":"Online direct sale of: electric unicycles, electric scooters and electric bicycles at best price. Free shipping!","publisher":{"@id":"https:\/\/www.neverwheelup.com\/it\/#organization"},"alternateName":"Best Electric Unicycles E-scooters","potentialAction":[{"@type":"SearchAction","target":{"@type":"EntryPoint","urlTemplate":"https:\/\/www.neverwheelup.com\/it\/?s={search_term_string}"},"query-input":{"@type":"PropertyValueSpecification","valueRequired":true,"valueName":"search_term_string"}}],"inLanguage":"it-IT"},{"@type":"Organization","@id":"https:\/\/www.neverwheelup.com\/it\/#organization","name":"Never Wheel Up - E Scooters and Electric Unicycle","url":"https:\/\/www.neverwheelup.com\/it\/","logo":{"@type":"ImageObject","inLanguage":"it-IT","@id":"https:\/\/www.neverwheelup.com\/it\/#\/schema\/logo\/image\/","url":"https:\/\/www.neverwheelup.com\/wp-content\/uploads\/2023\/04\/logo-sticky.png","contentUrl":"https:\/\/www.neverwheelup.com\/wp-content\/uploads\/2023\/04\/logo-sticky.png","width":423,"height":358,"caption":"Never Wheel Up - E Scooters and Electric Unicycle"},"image":{"@id":"https:\/\/www.neverwheelup.com\/it\/#\/schema\/logo\/image\/"}}]}},"jetpack-related-posts":[{"id":6316,"url":"https:\/\/www.neverwheelup.com\/it\/product\/inmotion-v13\/","url_meta":{"origin":6329,"position":0},"title":"Inmotion V13","author":"AdminCW","date":"5 Agosto 2023","format":false,"excerpt":"Consegna in 45-55 giorni lavorativi! Valutazioni [vc_row disable_background_image=\"\"][vc_column][vc_progress_bar values=\"%5B%7B%22label%22%3A%22%3Cb%3ETOP%20SPEED%3C%2Fb%3E%20-%2090km%2Fh%22%2C%22value%22%3A%22100%22%2C%22color%22%3A%22bar_red%22%7D%2C%7B%22label%22%3A%22%3Cb%3EPOWER%3C%2Fb%3E-%20%204500W%22%2C%22value%22%3A%22100%22%2C%22color%22%3A%22bar_red%22%7D%2C%7B%22label%22%3A%22%3Cb%3EWEIGHT%3C%2Fb%3E-%2053%20kg%20%22%2C%22value%22%3A%22100%22%2C%22color%22%3A%22bar_red%22%7D%2C%7B%22label%22%3A%22%3Cb%3EBATTERY%3C%2Fb%3E-%20126V%203024Wh%22%2C%22value%22%3A%2270%22%2C%22color%22%3A%22bar_red%22%7D%2C%7B%22label%22%3A%22%3Cb%3EWATER%20RATING%3C%2Fb%3E-%20Very%20Good%22%2C%22value%22%3A%2290%22%2C%22color%22%3A%22bar_red%22%7D%2C%7B%22label%22%3A%22%3Cb%3ESUSPENSION%3C%2Fb%3E-%204%20piston%20suspension%20system%22%2C%22value%22%3A%2280%22%2C%22color%22%3A%22bar_red%22%7D%5D\"][\/vc_column][\/vc_row] Descrizione del prodotto L'EUC pi\u00f9 potente e veloce mai creato da Inmotion Potenza del motore: 4500W ad alta coppia con ruota da 22x3 pollici Scheda madre di ultima generazione (Raptor) con Mosfet 42x ad alte prestazioni Velocit\u00e0 massima: 90 km\/h Velocit\u00e0\u2026","rel":"","context":"Articolo simile","block_context":{"text":"Articolo simile","link":""},"img":{"alt_text":"","src":"https:\/\/i0.wp.com\/www.neverwheelup.com\/wp-content\/uploads\/2023\/08\/V13-quadrata.png?fit=700%2C700&ssl=1&resize=350%2C200","width":350,"height":200,"srcset":"https:\/\/i0.wp.com\/www.neverwheelup.com\/wp-content\/uploads\/2023\/08\/V13-quadrata.png?fit=700%2C700&ssl=1&resize=350%2C200 1x, https:\/\/i0.wp.com\/www.neverwheelup.com\/wp-content\/uploads\/2023\/08\/V13-quadrata.png?fit=700%2C700&ssl=1&resize=525%2C300 1.5x, https:\/\/i0.wp.com\/www.neverwheelup.com\/wp-content\/uploads\/2023\/08\/V13-quadrata.png?fit=700%2C700&ssl=1&resize=700%2C400 2x"},"classes":[]},{"id":11664,"url":"https:\/\/www.neverwheelup.com\/product\/inmotion-p6\/","url_meta":{"origin":6329,"position":1},"title":"Inmotion P6","author":"AdminCW","date":"13 Novembre 2025","format":false,"excerpt":"Ratings [vc_row disable_background_image=\"\"][vc_column][vc_progress_bar values=\"%5B%7B%22label%22%3A%22%3Cb%3ETOP%20SPEED%3C%2Fb%3E%20-%20150%20km%2Fh%22%2C%22value%22%3A%2295%22%2C%22color%22%3A%22bar_red%22%7D%2C%7B%22label%22%3A%22%3Cb%3EPOWER%3C%2Fb%3E-%20%206000W%20-%22%2C%22value%22%3A%2290%22%2C%22color%22%3A%22bar_red%22%7D%2C%7B%22label%22%3A%22%3Cb%3EWEIGHT%3C%2Fb%3E-%20%2051kg%22%2C%22value%22%3A%2235%22%2C%22color%22%3A%22bar_red%22%7D%2C%7B%22label%22%3A%22%3Cb%3EBATTERY%20(removable)%3C%2Fb%3E-%20%20235.2V%204200Ah%22%2C%22value%22%3A%2280%22%2C%22color%22%3A%22bar_red%22%7D%2C%7B%22label%22%3A%22%3Cb%3ESUSPENSION%3C%2Fb%3E-%20%2090mm%22%2C%22value%22%3A%2290%22%2C%22color%22%3A%22bar_red%22%7D%5D\" css=\"\"][\/vc_column][\/vc_row] Product description Motor Power: 6000W Top Speed: Free Spin 150km\/h \/ 93mph Mileage: 150km \/ 93miles\uff08in 25km\/h spped) Suspension travel: 90mm Charger: 14A fast charger Tire: 80\/90-14 Net Weight: 51kg Max Load: 140kg Battery Capacity: 235.2V 4200Ah Video","rel":"","context":"Articolo simile","block_context":{"text":"Articolo simile","link":""},"img":{"alt_text":"Inmotion P6","src":"https:\/\/i0.wp.com\/www.neverwheelup.com\/wp-content\/uploads\/2025\/11\/INMOTION-P6-FRONT.png.jpg?fit=1000%2C1004&ssl=1&resize=350%2C200","width":350,"height":200,"srcset":"https:\/\/i0.wp.com\/www.neverwheelup.com\/wp-content\/uploads\/2025\/11\/INMOTION-P6-FRONT.png.jpg?fit=1000%2C1004&ssl=1&resize=350%2C200 1x, https:\/\/i0.wp.com\/www.neverwheelup.com\/wp-content\/uploads\/2025\/11\/INMOTION-P6-FRONT.png.jpg?fit=1000%2C1004&ssl=1&resize=525%2C300 1.5x, https:\/\/i0.wp.com\/www.neverwheelup.com\/wp-content\/uploads\/2025\/11\/INMOTION-P6-FRONT.png.jpg?fit=1000%2C1004&ssl=1&resize=700%2C400 2x"},"classes":[]},{"id":3185,"url":"https:\/\/www.neverwheelup.com\/product\/inmotion-rs\/","url_meta":{"origin":6329,"position":2},"title":"Inmotion RS","author":"AdminCW","date":"5 Agosto 2023","format":false,"excerpt":"Delivery in 45-55 working days!\u00a0 Ratings [vc_row disable_background_image=\"\"][vc_column][vc_progress_bar values=\"%5B%7B%22label%22%3A%22%3Cb%3ETOP%20SPEED%3C%2Fb%3E%20-%20110%20km%2Fh%22%2C%22value%22%3A%2290%22%2C%22color%22%3A%22bar_red%22%7D%2C%7B%22label%22%3A%22%3Cb%3ERATED%20POWER%3C%2Fb%3E-%20%202000W*2%22%2C%22value%22%3A%2280%22%2C%22color%22%3A%22bar_red%22%7D%2C%7B%22label%22%3A%22%3Cb%3EWEIGHT%3C%2Fb%3E-%20%2058%20kg%22%2C%22value%22%3A%2290%22%2C%22color%22%3A%22bar_red%22%7D%2C%7B%22label%22%3A%22%3Cb%3EBATTERY%3C%2Fb%3E-%20%2072V%2040Ah%22%2C%22value%22%3A%2280%22%2C%22color%22%3A%22bar_red%22%7D%2C%7B%22label%22%3A%22%3Cb%3EWATER%20RATING%3C%2Fb%3E-%20Very%20Good%20%22%2C%22value%22%3A%2280%22%2C%22color%22%3A%22bar_red%22%7D%2C%7B%22label%22%3A%22%3Cb%3ESUSPENSION%3C%2Fb%3E-%20%20C-shaped%20dual-coil%20suspension%22%2C%22value%22%3A%2285%22%2C%22color%22%3A%22bar_red%22%7D%5D\"][\/vc_column][\/vc_row] Product description Max Speed: 110 km\/h (adjustable in app) Max Range: 160 km Battery: 72V 40Ah Charging Time: About 4-8 hr Rated Power: 2000W*2 Peak Power: 4200W*2 Payload: 150 kg max Tires: 11 inch, tubeless air-filled front and rear Max Slope:\u2026","rel":"","context":"Articolo simile","block_context":{"text":"Articolo simile","link":""},"img":{"alt_text":"Inmotion RS e scooter","src":"https:\/\/i0.wp.com\/www.neverwheelup.com\/wp-content\/uploads\/2023\/08\/copertina-3.jpg?fit=1200%2C1200&ssl=1&resize=350%2C200","width":350,"height":200,"srcset":"https:\/\/i0.wp.com\/www.neverwheelup.com\/wp-content\/uploads\/2023\/08\/copertina-3.jpg?fit=1200%2C1200&ssl=1&resize=350%2C200 1x, https:\/\/i0.wp.com\/www.neverwheelup.com\/wp-content\/uploads\/2023\/08\/copertina-3.jpg?fit=1200%2C1200&ssl=1&resize=525%2C300 1.5x, https:\/\/i0.wp.com\/www.neverwheelup.com\/wp-content\/uploads\/2023\/08\/copertina-3.jpg?fit=1200%2C1200&ssl=1&resize=700%2C400 2x, https:\/\/i0.wp.com\/www.neverwheelup.com\/wp-content\/uploads\/2023\/08\/copertina-3.jpg?fit=1200%2C1200&ssl=1&resize=1050%2C600 3x"},"classes":[]},{"id":6304,"url":"https:\/\/www.neverwheelup.com\/fr\/product\/inmotion-v13\/","url_meta":{"origin":6329,"position":3},"title":"Inmotion V13","author":"AdminCW","date":"5 Agosto 2023","format":false,"excerpt":"Livraison en 45-55 jours ouvr\u00e9s ! Notations [vc_row disable_background_image=\"\"][vc_column][vc_progress_bar values=\"%5B%7B%22label%22%3A%22%3Cb%3ETOP%20SPEED%3C%2Fb%3E%20-%2090km%2Fh%22%2C%22value%22%3A%22100%22%2C%22color%22%3A%22bar_red%22%7D%2C%7B%22label%22%3A%22%3Cb%3EPOWER%3C%2Fb%3E-%20%204500W%22%2C%22value%22%3A%22100%22%2C%22color%22%3A%22bar_red%22%7D%2C%7B%22label%22%3A%22%3Cb%3EWEIGHT%3C%2Fb%3E-%2053%20kg%20%22%2C%22value%22%3A%22100%22%2C%22color%22%3A%22bar_red%22%7D%2C%7B%22label%22%3A%22%3Cb%3EBATTERY%3C%2Fb%3E-%20126V%203024Wh%22%2C%22value%22%3A%2270%22%2C%22color%22%3A%22bar_red%22%7D%2C%7B%22label%22%3A%22%3Cb%3EWATER%20RATING%3C%2Fb%3E-%20Very%20Good%22%2C%22value%22%3A%2290%22%2C%22color%22%3A%22bar_red%22%7D%2C%7B%22label%22%3A%22%3Cb%3ESUSPENSION%3C%2Fb%3E-%204%20piston%20suspension%20system%22%2C%22value%22%3A%2280%22%2C%22color%22%3A%22bar_red%22%7D%5D\"][\/vc_column][\/vc_row] Description du produit L'EUC le plus puissant et le plus rapide jamais cr\u00e9\u00e9 par Inmotion Puissance du moteur : 4500W \u00e0 couple \u00e9lev\u00e9 avec roue de 22x3 pouces Carte m\u00e8re de derni\u00e8re g\u00e9n\u00e9ration (Raptor) avec Mosfet 42x haute performance Vitesse\u2026","rel":"","context":"Articolo simile","block_context":{"text":"Articolo simile","link":""},"img":{"alt_text":"","src":"https:\/\/i0.wp.com\/www.neverwheelup.com\/wp-content\/uploads\/2023\/08\/V13-quadrata.png?fit=700%2C700&ssl=1&resize=350%2C200","width":350,"height":200,"srcset":"https:\/\/i0.wp.com\/www.neverwheelup.com\/wp-content\/uploads\/2023\/08\/V13-quadrata.png?fit=700%2C700&ssl=1&resize=350%2C200 1x, https:\/\/i0.wp.com\/www.neverwheelup.com\/wp-content\/uploads\/2023\/08\/V13-quadrata.png?fit=700%2C700&ssl=1&resize=525%2C300 1.5x, https:\/\/i0.wp.com\/www.neverwheelup.com\/wp-content\/uploads\/2023\/08\/V13-quadrata.png?fit=700%2C700&ssl=1&resize=700%2C400 2x"},"classes":[]},{"id":11665,"url":"https:\/\/www.neverwheelup.com\/fr\/product\/inmotion-p6\/","url_meta":{"origin":6329,"position":4},"title":"Inmotion P6","author":"AdminCW","date":"13 Novembre 2025","format":false,"excerpt":"Livraison en 45-55 jours! Notations [vc_row disable_background_image=\"\"][vc_column][vc_progress_bar values=\"%5B%7B%22label%22%3A%22%3Cb%3ETOP%20SPEED%3C%2Fb%3E%20-%20150%20km%2Fh%22%2C%22value%22%3A%2295%22%2C%22color%22%3A%22bar_red%22%7D%2C%7B%22label%22%3A%22%3Cb%3EPOWER%3C%2Fb%3E-%20%206000W%20-%22%2C%22value%22%3A%2290%22%2C%22color%22%3A%22bar_red%22%7D%2C%7B%22label%22%3A%22%3Cb%3EWEIGHT%3C%2Fb%3E-%20%2051kg%22%2C%22value%22%3A%2235%22%2C%22color%22%3A%22bar_red%22%7D%2C%7B%22label%22%3A%22%3Cb%3EBATTERY%20(removable)%3C%2Fb%3E-%20%20235.2V%204200Ah%22%2C%22value%22%3A%2280%22%2C%22color%22%3A%22bar_red%22%7D%2C%7B%22label%22%3A%22%3Cb%3ESUSPENSION%3C%2Fb%3E-%20%2090mm%22%2C%22value%22%3A%2290%22%2C%22color%22%3A%22bar_red%22%7D%5D\" css=\"\"][\/vc_column][\/vc_row] Description du produit Motor Power: 6000W Top Speed: Free Spin 150km\/h \/ 93mph Mileage: 150km \/ 93miles\uff08in 25km\/h spped) Suspension travel: 90mm Charger: 14A fast charger Tire: 80\/90-14 Net Weight: 51kg Max Load: 140kg Battery Capacity: 235.2V 4200Ah Vid\u00e9o","rel":"","context":"Articolo simile","block_context":{"text":"Articolo simile","link":""},"img":{"alt_text":"Inmotion P6","src":"https:\/\/i0.wp.com\/www.neverwheelup.com\/wp-content\/uploads\/2025\/11\/INMOTION-P6-FRONT.png.jpg?fit=1000%2C1004&ssl=1&resize=350%2C200","width":350,"height":200,"srcset":"https:\/\/i0.wp.com\/www.neverwheelup.com\/wp-content\/uploads\/2025\/11\/INMOTION-P6-FRONT.png.jpg?fit=1000%2C1004&ssl=1&resize=350%2C200 1x, https:\/\/i0.wp.com\/www.neverwheelup.com\/wp-content\/uploads\/2025\/11\/INMOTION-P6-FRONT.png.jpg?fit=1000%2C1004&ssl=1&resize=525%2C300 1.5x, https:\/\/i0.wp.com\/www.neverwheelup.com\/wp-content\/uploads\/2025\/11\/INMOTION-P6-FRONT.png.jpg?fit=1000%2C1004&ssl=1&resize=700%2C400 2x"},"classes":[]},{"id":11666,"url":"https:\/\/www.neverwheelup.com\/it\/product\/inmotion-p6\/","url_meta":{"origin":6329,"position":5},"title":"Inmotion P6","author":"AdminCW","date":"13 Novembre 2025","format":false,"excerpt":"Consegna in 45-55 GIORNI LAVORATIVI! Valutazioni [vc_row disable_background_image=\"\"][vc_column][vc_progress_bar values=\"%5B%7B%22label%22%3A%22%3Cb%3ETOP%20SPEED%3C%2Fb%3E%20-%20150%20km%2Fh%22%2C%22value%22%3A%2295%22%2C%22color%22%3A%22bar_red%22%7D%2C%7B%22label%22%3A%22%3Cb%3EPOWER%3C%2Fb%3E-%20%206000W%20-%22%2C%22value%22%3A%2290%22%2C%22color%22%3A%22bar_red%22%7D%2C%7B%22label%22%3A%22%3Cb%3EWEIGHT%3C%2Fb%3E-%20%2051kg%22%2C%22value%22%3A%2235%22%2C%22color%22%3A%22bar_red%22%7D%2C%7B%22label%22%3A%22%3Cb%3EBATTERY%20(removable)%3C%2Fb%3E-%20%20235.2V%204200Ah%22%2C%22value%22%3A%2280%22%2C%22color%22%3A%22bar_red%22%7D%2C%7B%22label%22%3A%22%3Cb%3ESUSPENSION%3C%2Fb%3E-%20%2090mm%22%2C%22value%22%3A%2290%22%2C%22color%22%3A%22bar_red%22%7D%5D\" css=\"\"][\/vc_column][\/vc_row] Descrizione del prodotto Motor Power: 6000W Top Speed: Free Spin 150km\/h \/ 93mph Mileage: 150km \/ 93miles\uff08in 25km\/h spped) Suspension travel: 90mm Charger: 14A fast charger Tire: 80\/90-14 Net Weight: 51kg Max Load: 140kg Battery Capacity: 235.2V 4200Ah Video","rel":"","context":"Articolo simile","block_context":{"text":"Articolo simile","link":""},"img":{"alt_text":"Inmotion P6","src":"https:\/\/i0.wp.com\/www.neverwheelup.com\/wp-content\/uploads\/2025\/11\/INMOTION-P6-FRONT.png.jpg?fit=1000%2C1004&ssl=1&resize=350%2C200","width":350,"height":200,"srcset":"https:\/\/i0.wp.com\/www.neverwheelup.com\/wp-content\/uploads\/2025\/11\/INMOTION-P6-FRONT.png.jpg?fit=1000%2C1004&ssl=1&resize=350%2C200 1x, https:\/\/i0.wp.com\/www.neverwheelup.com\/wp-content\/uploads\/2025\/11\/INMOTION-P6-FRONT.png.jpg?fit=1000%2C1004&ssl=1&resize=525%2C300 1.5x, https:\/\/i0.wp.com\/www.neverwheelup.com\/wp-content\/uploads\/2025\/11\/INMOTION-P6-FRONT.png.jpg?fit=1000%2C1004&ssl=1&resize=700%2C400 2x"},"classes":[]}],"jetpack_sharing_enabled":true,"_links":{"self":[{"href":"https:\/\/www.neverwheelup.com\/it\/wp-json\/wp\/v2\/product\/6329","targetHints":{"allow":["GET"]}}],"collection":[{"href":"https:\/\/www.neverwheelup.com\/it\/wp-json\/wp\/v2\/product"}],"about":[{"href":"https:\/\/www.neverwheelup.com\/it\/wp-json\/wp\/v2\/types\/product"}],"wp:featuredmedia":[{"embeddable":true,"href":"https:\/\/www.neverwheelup.com\/it\/wp-json\/wp\/v2\/media\/5191"}],"wp:attachment":[{"href":"https:\/\/www.neverwheelup.com\/it\/wp-json\/wp\/v2\/media?parent=6329"}],"wp:term":[{"taxonomy":"product_brand","embeddable":true,"href":"https:\/\/www.neverwheelup.com\/it\/wp-json\/wp\/v2\/product_brand?post=6329"},{"taxonomy":"product_cat","embeddable":true,"href":"https:\/\/www.neverwheelup.com\/it\/wp-json\/wp\/v2\/product_cat?post=6329"},{"taxonomy":"product_tag","embeddable":true,"href":"https:\/\/www.neverwheelup.com\/it\/wp-json\/wp\/v2\/product_tag?post=6329"}],"curies":[{"name":"wp","href":"https:\/\/api.w.org\/{rel}","templated":true}]}}